{"id":52,"date":"2024-08-27T23:48:18","date_gmt":"2024-08-27T23:48:18","guid":{"rendered":"https:\/\/imagen-radycam.com\/?page_id=52"},"modified":"2025-02-10T19:35:00","modified_gmt":"2025-02-10T19:35:00","slug":"matografia-digital","status":"publish","type":"page","link":"https:\/\/imagen-radycam.com\/index.php\/matografia-digital\/","title":{"rendered":"MATOGRAFIA DIGITAL"},"content":{"rendered":"<p>[et_pb_section fb_built=&#8221;1&#8243; custom_padding_last_edited=&#8221;on|phone&#8221; _builder_version=&#8221;4.25.0&#8243; _module_preset=&#8221;default&#8221; background_image=&#8221;https:\/\/imagen-radycam.com\/wp-content\/uploads\/2024\/08\/portada-mastografias-digitales.jpg&#8221; custom_padding_tablet=&#8221;&#8221; custom_padding_phone=&#8221;||0px||false|false&#8221; hover_enabled=&#8221;0&#8243; background_color_tablet=&#8221;gcid-2e46550d-8b93-4be0-b497-33836b7e9f57&#8243; background_last_edited=&#8221;on|tablet&#8221; background_enable_color_tablet=&#8221;on&#8221; background_enable_image_tablet=&#8221;off&#8221; global_colors_info=&#8221;{%22gcid-6b44fc8e-f740-4ffe-a501-50cfe076ace3%22:%91%22background_color%22%93}&#8221; background_color_phone=&#8221;gcid-6b44fc8e-f740-4ffe-a501-50cfe076ace3&#8243; background_enable_color_phone=&#8221;on&#8221; sticky_enabled=&#8221;0&#8243;][et_pb_row column_structure=&#8221;1_2,1_2&#8243; _builder_version=&#8221;4.25.0&#8243; _module_preset=&#8221;default&#8221; global_colors_info=&#8221;{}&#8221;][et_pb_column type=&#8221;1_2&#8243; _builder_version=&#8221;4.25.0&#8243; _module_preset=&#8221;default&#8221; global_colors_info=&#8221;{}&#8221;][et_pb_text _builder_version=&#8221;4.25.0&#8243; _module_preset=&#8221;default&#8221; header_font=&#8221;&#8211;et_global_heading_font|700|||||||&#8221; header_text_color=&#8221;#FFFFFF&#8221; header_font_size=&#8221;80px&#8221; header_font_tablet=&#8221;Bebas Neue|700|||||||&#8221; header_font_phone=&#8221;Bebas Neue|700|||||||&#8221; header_font_last_edited=&#8221;on|phone&#8221; header_font_size_tablet=&#8221;80px&#8221; header_font_size_phone=&#8221;64px&#8221; header_font_size_last_edited=&#8221;on|phone&#8221; global_colors_info=&#8221;{}&#8221;]<\/p>\n<h1>Mastograf\u00edas digitales<\/h1>\n<p>[\/et_pb_text][et_pb_text _builder_version=&#8221;4.25.0&#8243; _module_preset=&#8221;default&#8221; text_font=&#8221;Rubik||||||||&#8221; text_text_color=&#8221;#FFFFFF&#8221; text_font_size=&#8221;17px&#8221; text_line_height=&#8221;1.8em&#8221; global_colors_info=&#8221;{}&#8221;]<\/p>\n<p><span>Estudio de im\u00e1genes de los senos que utiliza rayos X de baja dosis para detectar en forma temprana el c\u00e1ncer.<\/span><\/p>\n<p>[\/et_pb_text][et_pb_button button_url=&#8221;https:\/\/wa.me\/529931779438&#8243; url_new_window=&#8221;on&#8221; button_text=&#8221;Agenda aqu\u00ed&#8221; _builder_version=&#8221;4.25.0&#8243; _module_preset=&#8221;default&#8221; custom_button=&#8221;on&#8221; button_text_color=&#8221;#FFFFFF&#8221; button_bg_color=&#8221;gcid-693665fa-62cb-4ba3-af16-8ef284259436&#8243; button_border_radius=&#8221;30px&#8221; button_icon=&#8221;&#xf232;||fa||400&#8243; button_icon_placement=&#8221;left&#8221; global_colors_info=&#8221;{%22gcid-693665fa-62cb-4ba3-af16-8ef284259436%22:%91%22button_bg_color%22%93}&#8221;][\/et_pb_button][\/et_pb_column][et_pb_column type=&#8221;1_2&#8243; _builder_version=&#8221;4.25.0&#8243; _module_preset=&#8221;default&#8221; global_colors_info=&#8221;{}&#8221;][\/et_pb_column][\/et_pb_row][\/et_pb_section][et_pb_section fb_built=&#8221;1&#8243; custom_padding_last_edited=&#8221;on|tablet&#8221; _builder_version=&#8221;4.25.0&#8243; _module_preset=&#8221;default&#8221; custom_margin_tablet=&#8221;||||false|false&#8221; custom_margin_phone=&#8221;||||false|false&#8221; custom_margin_last_edited=&#8221;on|tablet&#8221; custom_padding_tablet=&#8221;0px||||false|false&#8221; custom_padding_phone=&#8221;0px||||false|false&#8221; global_colors_info=&#8221;{}&#8221;][et_pb_row column_structure=&#8221;2_5,3_5&#8243; _builder_version=&#8221;4.25.0&#8243; _module_preset=&#8221;default&#8221; global_colors_info=&#8221;{}&#8221;][et_pb_column type=&#8221;2_5&#8243; _builder_version=&#8221;4.25.0&#8243; _module_preset=&#8221;default&#8221; custom_padding=&#8221;100px||||false|false&#8221; custom_padding_tablet=&#8221;100px||||false|false&#8221; custom_padding_phone=&#8221;20px||||false|false&#8221; custom_padding_last_edited=&#8221;on|phone&#8221; global_colors_info=&#8221;{}&#8221;][et_pb_text _builder_version=&#8221;4.25.0&#8243; _module_preset=&#8221;default&#8221; header_text_color=&#8221;gcid-5829440e-263c-4292-abf5-19e3384816a4&#8243; header_font_size=&#8221;70px&#8221; header_2_text_color=&#8221;gcid-6b44fc8e-f740-4ffe-a501-50cfe076ace3&#8243; header_2_font_size=&#8221;50px&#8221; hover_enabled=&#8221;0&#8243; global_colors_info=&#8221;{%22gcid-5829440e-263c-4292-abf5-19e3384816a4%22:%91%22header_text_color%22%93,%22gcid-6b44fc8e-f740-4ffe-a501-50cfe076ace3%22:%91%22header_2_text_color%22%93}&#8221; sticky_enabled=&#8221;0&#8243;]<\/p>\n<h2>\u00bfQu\u00e9 es una mastograf\u00eda?<\/h2>\n<p>[\/et_pb_text][et_pb_text _builder_version=&#8221;4.25.0&#8243; _module_preset=&#8221;default&#8221; global_colors_info=&#8221;{}&#8221;]<\/p>\n<p><span>Es un estudio de imagen especializada que utiliza un sistema de dosis baja de rayos X para visualizar el interior de las mamas. <\/span><\/p>\n<p><span>Este examen ayuda en la detecci\u00f3n temprana y el diagn\u00f3stico de las enfermedades mamarias en las mujeres. <\/span><\/p>\n<p><span>Tambi\u00e9n se pueden utilizar para detectar y diagnosticar enfermedades mamarias en mujeres que tienen s\u00edntomas tales como bultos, zonas de hundimiento en la piel, o secreci\u00f3n del pez\u00f3n.<\/span><\/p>\n<p>[\/et_pb_text][et_pb_button button_url=&#8221;https:\/\/wa.me\/529931779438&#8243; url_new_window=&#8221;on&#8221; button_text=&#8221;Agenda aqu\u00ed&#8221; _builder_version=&#8221;4.25.0&#8243; _module_preset=&#8221;default&#8221; custom_button=&#8221;on&#8221; button_text_color=&#8221;#FFFFFF&#8221; button_bg_color=&#8221;gcid-693665fa-62cb-4ba3-af16-8ef284259436&#8243; button_border_radius=&#8221;30px&#8221; button_icon=&#8221;&#xf232;||fa||400&#8243; button_icon_placement=&#8221;left&#8221; global_colors_info=&#8221;{%22gcid-693665fa-62cb-4ba3-af16-8ef284259436%22:%91%22button_bg_color%22%93}&#8221;][\/et_pb_button][\/et_pb_column][et_pb_column type=&#8221;3_5&#8243; _builder_version=&#8221;4.25.0&#8243; _module_preset=&#8221;default&#8221; global_colors_info=&#8221;{}&#8221;][et_pb_image src=&#8221;https:\/\/imagen-radycam.com\/wp-content\/uploads\/2024\/08\/mastografia-digital-villahermosa.jpg&#8221; title_text=&#8221;mastografia-digital-villahermosa&#8221; _builder_version=&#8221;4.25.0&#8243; _module_preset=&#8221;default&#8221; global_colors_info=&#8221;{}&#8221;][\/et_pb_image][\/et_pb_column][\/et_pb_row][\/et_pb_section][et_pb_section fb_built=&#8221;1&#8243; custom_padding_last_edited=&#8221;on|phone&#8221; _builder_version=&#8221;4.25.0&#8243; _module_preset=&#8221;default&#8221; background_image=&#8221;https:\/\/imagen-radycam.com\/wp-content\/uploads\/2024\/08\/fondo-curveado-2-1-scaled.jpg&#8221; background_position=&#8221;top_center&#8221; custom_padding=&#8221;200px||100px||false|false&#8221; custom_padding_tablet=&#8221;50px||50px||false|false&#8221; custom_padding_phone=&#8221;50px||50px||false|false&#8221; background_color_tablet=&#8221;gcid-dfe7b30c-564c-4c82-98ca-87a1881cdbe4&#8243; background_color_phone=&#8221;gcid-dfe7b30c-564c-4c82-98ca-87a1881cdbe4&#8243; background_last_edited=&#8221;on|phone&#8221; background_enable_color_tablet=&#8221;on&#8221; background_enable_color_phone=&#8221;on&#8221; background_enable_image_tablet=&#8221;off&#8221; background_enable_image_phone=&#8221;off&#8221; global_colors_info=&#8221;{%22gcid-dfe7b30c-564c-4c82-98ca-87a1881cdbe4%22:%91%22background_color%22%93}&#8221;][et_pb_row _builder_version=&#8221;4.25.0&#8243; _module_preset=&#8221;default&#8221; global_colors_info=&#8221;{}&#8221;][et_pb_column type=&#8221;4_4&#8243; _builder_version=&#8221;4.25.0&#8243; _module_preset=&#8221;default&#8221; global_colors_info=&#8221;{}&#8221;][et_pb_image src=&#8221;https:\/\/imagen-radycam.com\/wp-content\/uploads\/2024\/08\/mastografias-tabasco.jpg&#8221; title_text=&#8221;mastografias-tabasco&#8221; align=&#8221;center&#8221; _builder_version=&#8221;4.25.0&#8243; _module_preset=&#8221;default&#8221; global_colors_info=&#8221;{}&#8221;][\/et_pb_image][et_pb_text _builder_version=&#8221;4.25.0&#8243; _module_preset=&#8221;default&#8221; header_2_text_align=&#8221;center&#8221; header_2_text_color=&#8221;gcid-6b44fc8e-f740-4ffe-a501-50cfe076ace3&#8243; header_2_font_size=&#8221;40px&#8221; global_colors_info=&#8221;{%22gcid-6b44fc8e-f740-4ffe-a501-50cfe076ace3%22:%91%22header_2_text_color%22%93}&#8221;]<\/p>\n<h2>\u00bfC\u00f3mo es el procedimiento?<\/h2>\n<p>[\/et_pb_text][\/et_pb_column][\/et_pb_row][et_pb_row column_structure=&#8221;1_4,1_4,1_4,1_4&#8243; _builder_version=&#8221;4.25.0&#8243; _module_preset=&#8221;default&#8221; background_enable_image=&#8221;off&#8221; background_size=&#8221;stretch&#8221; background_last_edited=&#8221;on|tablet&#8221; background_enable_image_tablet=&#8221;off&#8221; border_width_bottom=&#8221;0px&#8221; border_color_bottom=&#8221;gcid-5829440e-263c-4292-abf5-19e3384816a4&#8243; border_radii_tablet=&#8221;&#8221; border_radii_phone=&#8221;&#8221; border_radii_last_edited=&#8221;on|tablet&#8221; global_colors_info=&#8221;{%22gcid-5829440e-263c-4292-abf5-19e3384816a4%22:%91%22border_color_bottom%22%93}&#8221;][et_pb_column type=&#8221;1_4&#8243; _builder_version=&#8221;4.25.0&#8243; _module_preset=&#8221;default&#8221; global_colors_info=&#8221;{}&#8221;][et_pb_blurb image_icon_background_color=&#8221;RGBA(255,255,255,0)&#8221; image=&#8221;https:\/\/imagen-radycam.com\/wp-content\/uploads\/2024\/08\/3Recurso-2@2x.png&#8221; image_icon_width=&#8221;50px&#8221; _builder_version=&#8221;4.25.0&#8243; _module_preset=&#8221;default&#8221; header_level=&#8221;h2&#8243; header_text_align=&#8221;center&#8221; header_text_color=&#8221;gcid-6b44fc8e-f740-4ffe-a501-50cfe076ace3&#8243; header_font_size=&#8221;40px&#8221; body_font=&#8221;||||||||&#8221; image_icon_custom_margin=&#8221;||-10px||false|false&#8221; image_icon_custom_padding=&#8221;0px|0px|0px|0px|true|true&#8221; text_orientation=&#8221;center&#8221; global_colors_info=&#8221;{%22gcid-6b44fc8e-f740-4ffe-a501-50cfe076ace3%22:%91%22header_text_color%22%93}&#8221;]<\/p>\n<p><span>El especialista posicionar\u00e1 su mama en la unidad de mastograf\u00eda.<\/span><\/p>\n<p>[\/et_pb_blurb][\/et_pb_column][et_pb_column type=&#8221;1_4&#8243; _builder_version=&#8221;4.25.0&#8243; _module_preset=&#8221;default&#8221; global_colors_info=&#8221;{}&#8221;][et_pb_blurb image_icon_background_color=&#8221;RGBA(255,255,255,0)&#8221; image=&#8221;https:\/\/imagen-radycam.com\/wp-content\/uploads\/2024\/08\/3Recurso-3@2x.png&#8221; image_icon_width=&#8221;50px&#8221; _builder_version=&#8221;4.25.0&#8243; _module_preset=&#8221;default&#8221; header_level=&#8221;h2&#8243; header_text_align=&#8221;center&#8221; header_text_color=&#8221;gcid-6b44fc8e-f740-4ffe-a501-50cfe076ace3&#8243; header_font_size=&#8221;40px&#8221; body_font=&#8221;||||||||&#8221; image_icon_custom_margin=&#8221;||-10px||false|false&#8221; image_icon_custom_padding=&#8221;0px|0px|0px|0px|true|true&#8221; text_orientation=&#8221;center&#8221; global_colors_info=&#8221;{%22gcid-6b44fc8e-f740-4ffe-a501-50cfe076ace3%22:%91%22header_text_color%22%93}&#8221;]<\/p>\n<p><span>Su mama sera levemente presionada con una paleta transparente de pl\u00e1stico.<\/span><\/p>\n<p>[\/et_pb_blurb][\/et_pb_column][et_pb_column type=&#8221;1_4&#8243; _builder_version=&#8221;4.25.0&#8243; _module_preset=&#8221;default&#8221; global_colors_info=&#8221;{}&#8221;][et_pb_blurb image_icon_background_color=&#8221;RGBA(255,255,255,0)&#8221; image=&#8221;https:\/\/imagen-radycam.com\/wp-content\/uploads\/2024\/08\/3Recurso-4@2x.png&#8221; image_icon_width=&#8221;50px&#8221; _builder_version=&#8221;4.25.0&#8243; _module_preset=&#8221;default&#8221; header_level=&#8221;h2&#8243; header_text_align=&#8221;center&#8221; header_text_color=&#8221;gcid-6b44fc8e-f740-4ffe-a501-50cfe076ace3&#8243; header_font_size=&#8221;40px&#8221; body_font=&#8221;||||||||&#8221; image_icon_custom_margin=&#8221;||-10px||false|false&#8221; image_icon_custom_padding=&#8221;0px|0px|0px|0px|true|true&#8221; text_orientation=&#8221;center&#8221; global_colors_info=&#8221;{%22gcid-6b44fc8e-f740-4ffe-a501-50cfe076ace3%22:%91%22header_text_color%22%93}&#8221;]<\/p>\n<p><span>El especialista comprimira la mama gradualmente.<\/span><\/p>\n<p>[\/et_pb_blurb][\/et_pb_column][et_pb_column type=&#8221;1_4&#8243; _builder_version=&#8221;4.25.0&#8243; _module_preset=&#8221;default&#8221; global_colors_info=&#8221;{}&#8221;][et_pb_blurb image_icon_background_color=&#8221;RGBA(255,255,255,0)&#8221; image=&#8221;https:\/\/imagen-radycam.com\/wp-content\/uploads\/2024\/08\/3Recurso-5@2x.png&#8221; image_icon_width=&#8221;50px&#8221; _builder_version=&#8221;4.25.0&#8243; _module_preset=&#8221;default&#8221; header_level=&#8221;h2&#8243; header_text_align=&#8221;center&#8221; header_text_color=&#8221;gcid-6b44fc8e-f740-4ffe-a501-50cfe076ace3&#8243; header_font_size=&#8221;40px&#8221; body_font=&#8221;||||||||&#8221; image_icon_custom_margin=&#8221;||-10px||false|false&#8221; image_icon_custom_padding=&#8221;0px|0px|0px|0px|true|true&#8221; text_orientation=&#8221;center&#8221; global_colors_info=&#8221;{%22gcid-6b44fc8e-f740-4ffe-a501-50cfe076ace3%22:%91%22header_text_color%22%93}&#8221;]<\/p>\n<p><span>Se le solicitar\u00e1 cambiar de posici\u00f3n durante el procedimiento de toma de im\u00e1genes.<\/span><\/p>\n<p>[\/et_pb_blurb][\/et_pb_column][\/et_pb_row][\/et_pb_section][et_pb_section fb_built=&#8221;1&#8243; _builder_version=&#8221;4.25.0&#8243; _module_preset=&#8221;default&#8221; background_color=&#8221;gcid-6b44fc8e-f740-4ffe-a501-50cfe076ace3&#8243; background_enable_image=&#8221;off&#8221; background_size=&#8221;stretch&#8221; global_colors_info=&#8221;{%22gcid-6b44fc8e-f740-4ffe-a501-50cfe076ace3%22:%91%22background_color%22%93}&#8221;][et_pb_row _builder_version=&#8221;4.25.0&#8243; _module_preset=&#8221;default&#8221; global_colors_info=&#8221;{}&#8221;][et_pb_column type=&#8221;4_4&#8243; _builder_version=&#8221;4.25.0&#8243; _module_preset=&#8221;default&#8221; global_colors_info=&#8221;{}&#8221;][et_pb_text _builder_version=&#8221;4.25.0&#8243; _module_preset=&#8221;default&#8221; header_2_text_color=&#8221;#FFFFFF&#8221; header_2_font_size=&#8221;60px&#8221; header_2_font_size_tablet=&#8221;60px&#8221; header_2_font_size_phone=&#8221;54px&#8221; header_2_font_size_last_edited=&#8221;on|phone&#8221; global_colors_info=&#8221;{}&#8221;]<\/p>\n<h2 style=\"text-align: center;\">Recomendaciones previas a una mastograf\u00eda<\/h2>\n<p>[\/et_pb_text][\/et_pb_column][\/et_pb_row][et_pb_row column_structure=&#8221;1_4,1_4,1_4,1_4&#8243; _builder_version=&#8221;4.25.0&#8243; _module_preset=&#8221;default&#8221; global_colors_info=&#8221;{}&#8221;][et_pb_column type=&#8221;1_4&#8243; _builder_version=&#8221;4.25.0&#8243; _module_preset=&#8221;default&#8221; global_colors_info=&#8221;{}&#8221;][et_pb_blurb image_icon_background_color=&#8221;RGBA(255,255,255,0)&#8221; image=&#8221;https:\/\/imagen-radycam.com\/wp-content\/uploads\/2024\/08\/3Recurso-6@2x.png&#8221; image_icon_width=&#8221;120px&#8221; _builder_version=&#8221;4.25.0&#8243; _module_preset=&#8221;default&#8221; header_level=&#8221;h2&#8243; header_text_align=&#8221;center&#8221; header_text_color=&#8221;gcid-6b44fc8e-f740-4ffe-a501-50cfe076ace3&#8243; header_font_size=&#8221;40px&#8221; body_font=&#8221;||||||||&#8221; body_text_color=&#8221;#FFFFFF&#8221; image_icon_custom_margin=&#8221;||-10px||false|false&#8221; image_icon_custom_padding=&#8221;0px|0px|0px|0px|true|true&#8221; text_orientation=&#8221;center&#8221; global_colors_info=&#8221;{%22gcid-6b44fc8e-f740-4ffe-a501-50cfe076ace3%22:%91%22header_text_color%22%93}&#8221;]<\/p>\n<p><span>No utilice desodorante ni talco debajo de los brazos o en las mamas el d\u00eda del examen. <\/span><\/p>\n<p>[\/et_pb_blurb][\/et_pb_column][et_pb_column type=&#8221;1_4&#8243; _builder_version=&#8221;4.25.0&#8243; _module_preset=&#8221;default&#8221; global_colors_info=&#8221;{}&#8221;][et_pb_blurb image_icon_background_color=&#8221;RGBA(255,255,255,0)&#8221; image=&#8221;https:\/\/imagen-radycam.com\/wp-content\/uploads\/2024\/08\/3Recurso-7@2x.png&#8221; image_icon_width=&#8221;120px&#8221; _builder_version=&#8221;4.25.0&#8243; _module_preset=&#8221;default&#8221; header_level=&#8221;h2&#8243; header_text_align=&#8221;center&#8221; header_text_color=&#8221;gcid-6b44fc8e-f740-4ffe-a501-50cfe076ace3&#8243; header_font_size=&#8221;40px&#8221; body_font=&#8221;||||||||&#8221; body_text_color=&#8221;#FFFFFF&#8221; image_icon_custom_margin=&#8221;||-10px||false|false&#8221; image_icon_custom_padding=&#8221;0px|0px|0px|0px|true|true&#8221; text_orientation=&#8221;center&#8221; global_colors_info=&#8221;{%22gcid-6b44fc8e-f740-4ffe-a501-50cfe076ace3%22:%91%22header_text_color%22%93}&#8221;]<\/p>\n<p><span>Describa cualquier s\u00edntoma o problema en las mamas con el especialista. <\/span><\/p>\n<p>[\/et_pb_blurb][\/et_pb_column][et_pb_column type=&#8221;1_4&#8243; _builder_version=&#8221;4.25.0&#8243; _module_preset=&#8221;default&#8221; global_colors_info=&#8221;{}&#8221;][et_pb_blurb image_icon_background_color=&#8221;RGBA(255,255,255,0)&#8221; image=&#8221;https:\/\/imagen-radycam.com\/wp-content\/uploads\/2024\/08\/3Recurso-8@2x.png&#8221; image_icon_width=&#8221;120px&#8221; _builder_version=&#8221;4.25.0&#8243; _module_preset=&#8221;default&#8221; header_level=&#8221;h2&#8243; header_text_align=&#8221;center&#8221; header_text_color=&#8221;gcid-6b44fc8e-f740-4ffe-a501-50cfe076ace3&#8243; header_font_size=&#8221;40px&#8221; body_font=&#8221;||||||||&#8221; body_text_color=&#8221;#FFFFFF&#8221; image_icon_custom_margin=&#8221;||-10px||false|false&#8221; image_icon_custom_padding=&#8221;0px|0px|0px|0px|true|true&#8221; text_orientation=&#8221;center&#8221; global_colors_info=&#8221;{%22gcid-6b44fc8e-f740-4ffe-a501-50cfe076ace3%22:%91%22header_text_color%22%93}&#8221;]<\/p>\n<p><span>Continue con su rutina de comida, en caso de ayuno se le notificar\u00e1 previamente. <\/span><\/p>\n<p>[\/et_pb_blurb][\/et_pb_column][et_pb_column type=&#8221;1_4&#8243; _builder_version=&#8221;4.25.0&#8243; _module_preset=&#8221;default&#8221; global_colors_info=&#8221;{}&#8221;][et_pb_blurb image_icon_background_color=&#8221;RGBA(255,255,255,0)&#8221; image=&#8221;https:\/\/imagen-radycam.com\/wp-content\/uploads\/2024\/08\/3Recurso-9@2x.png&#8221; image_icon_width=&#8221;120px&#8221; _builder_version=&#8221;4.25.0&#8243; _module_preset=&#8221;default&#8221; header_level=&#8221;h2&#8243; header_text_align=&#8221;center&#8221; header_text_color=&#8221;gcid-6b44fc8e-f740-4ffe-a501-50cfe076ace3&#8243; header_font_size=&#8221;40px&#8221; body_font=&#8221;||||||||&#8221; body_text_color=&#8221;#FFFFFF&#8221; image_icon_custom_margin=&#8221;||-10px||false|false&#8221; image_icon_custom_padding=&#8221;0px|0px|0px|0px|true|true&#8221; text_orientation=&#8221;center&#8221; global_colors_info=&#8221;{%22gcid-6b44fc8e-f740-4ffe-a501-50cfe076ace3%22:%91%22header_text_color%22%93}&#8221;]<\/p>\n<p><span>Asista al estudio sin joyer\u00eda u objetos met\u00e1licos.<\/span><\/p>\n<p>[\/et_pb_blurb][\/et_pb_column][\/et_pb_row][\/et_pb_section][et_pb_section fb_built=&#8221;1&#8243; _builder_version=&#8221;4.25.0&#8243; _module_preset=&#8221;default&#8221; background_color=&#8221;gcid-dfe7b30c-564c-4c82-98ca-87a1881cdbe4&#8243; global_colors_info=&#8221;{%22gcid-dfe7b30c-564c-4c82-98ca-87a1881cdbe4%22:%91%22background_color%22%93}&#8221;][et_pb_row _builder_version=&#8221;4.25.0&#8243; _module_preset=&#8221;default&#8221; global_colors_info=&#8221;{}&#8221;][et_pb_column type=&#8221;4_4&#8243; _builder_version=&#8221;4.25.0&#8243; _module_preset=&#8221;default&#8221; global_colors_info=&#8221;{}&#8221;][et_pb_text _builder_version=&#8221;4.25.0&#8243; _module_preset=&#8221;default&#8221; header_2_text_color=&#8221;gcid-6b44fc8e-f740-4ffe-a501-50cfe076ace3&#8243; header_2_font_size=&#8221;60px&#8221; global_colors_info=&#8221;{%22gcid-6b44fc8e-f740-4ffe-a501-50cfe076ace3%22:%91%22header_2_text_color%22%93}&#8221;]<\/p>\n<h2 style=\"text-align: center;\">Preguntas frecuentes<\/h2>\n<p>[\/et_pb_text][\/et_pb_column][\/et_pb_row][et_pb_row column_structure=&#8221;1_2,1_2&#8243; _builder_version=&#8221;4.25.0&#8243; _module_preset=&#8221;default&#8221; global_colors_info=&#8221;{}&#8221;][et_pb_column type=&#8221;1_2&#8243; _builder_version=&#8221;4.25.0&#8243; _module_preset=&#8221;default&#8221; global_colors_info=&#8221;{}&#8221;][et_pb_blurb title=&#8221;\u00bfCon qu\u00e9 frecuencia debo realizarme una mastograf\u00eda?&#8221; _builder_version=&#8221;4.25.0&#8243; _module_preset=&#8221;default&#8221; header_text_align=&#8221;left&#8221; header_text_color=&#8221;gcid-5829440e-263c-4292-abf5-19e3384816a4&#8243; header_font_size=&#8221;24px&#8221; global_colors_info=&#8221;{%22gcid-5829440e-263c-4292-abf5-19e3384816a4%22:%91%22header_text_color%22%93}&#8221;]<\/p>\n<p><span>Las mujeres de 20 a 39 a\u00f1os deben someterse a un examen cl\u00ednico de los senos cada tres a\u00f1os. Las mujeres de 40 a\u00f1os o m\u00e1s deben realizarse una mamograf\u00eda anual, un examen cl\u00ednico anual de los senos<\/span><\/p>\n<p>[\/et_pb_blurb][et_pb_blurb title=&#8221;\u00bfQui\u00e9n interpreta los resultados?&#8221; _builder_version=&#8221;4.25.0&#8243; _module_preset=&#8221;default&#8221; header_text_align=&#8221;left&#8221; header_text_color=&#8221;gcid-5829440e-263c-4292-abf5-19e3384816a4&#8243; header_font_size=&#8221;24px&#8221; global_colors_info=&#8221;{%22gcid-5829440e-263c-4292-abf5-19e3384816a4%22:%91%22header_text_color%22%93}&#8221;]<\/p>\n<div>Todas las mamograf\u00edas son le\u00eddas por radi\u00f3logos.<\/div>\n<p>[\/et_pb_blurb][\/et_pb_column][et_pb_column type=&#8221;1_2&#8243; _builder_version=&#8221;4.25.0&#8243; _module_preset=&#8221;default&#8221; global_colors_info=&#8221;{}&#8221;][et_pb_blurb title=&#8221;\u00bfEs dolorosa la mastograf\u00eda?&#8221; _builder_version=&#8221;4.25.0&#8243; _module_preset=&#8221;default&#8221; header_text_align=&#8221;left&#8221; header_text_color=&#8221;gcid-5829440e-263c-4292-abf5-19e3384816a4&#8243; header_font_size=&#8221;24px&#8221; global_colors_info=&#8221;{%22gcid-5829440e-263c-4292-abf5-19e3384816a4%22:%91%22header_text_color%22%93}&#8221;]<\/p>\n<p><span>En general no. A algunas mujeres les resulta inc\u00f3modo porque los senos deben comprimirse durante unos segundos.<\/span><\/p>\n<p>[\/et_pb_blurb][et_pb_blurb title=&#8221;\u00bfQu\u00e9 sucede si mi mastograf\u00eda parece sospechosa?&#8221; _builder_version=&#8221;4.25.0&#8243; _module_preset=&#8221;default&#8221; header_text_align=&#8221;left&#8221; header_text_color=&#8221;gcid-5829440e-263c-4292-abf5-19e3384816a4&#8243; header_font_size=&#8221;24px&#8221; global_colors_info=&#8221;{%22gcid-5829440e-263c-4292-abf5-19e3384816a4%22:%91%22header_text_color%22%93}&#8221;]<\/p>\n<div>Su m\u00e9dico puede recomendar pruebas adicionales que podr\u00edan consistir en vistas especiales adicionales, ecograf\u00eda o biopsia.<\/div>\n<p>[\/et_pb_blurb][\/et_pb_column][\/et_pb_row][\/et_pb_section]<\/p>\n","protected":false},"excerpt":{"rendered":"<p>Mastograf\u00edas digitalesEstudio de im\u00e1genes de los senos que utiliza rayos X de baja dosis para detectar en forma temprana el c\u00e1ncer.\u00bfQu\u00e9 es una mastograf\u00eda?Es un estudio de imagen especializada que utiliza un sistema de dosis baja de rayos X para visualizar el interior de las mamas. Este examen ayuda en la detecci\u00f3n temprana y el [&hellip;]<\/p>\n","protected":false},"author":2,"featured_media":0,"parent":0,"menu_order":0,"comment_status":"closed","ping_status":"closed","template":"","meta":{"_et_pb_use_builder":"on","_et_pb_old_content":"","_et_gb_content_width":"","_monsterinsights_skip_tracking":false,"_monsterinsights_sitenote_active":false,"_monsterinsights_sitenote_note":"","_monsterinsights_sitenote_category":0,"footnotes":""},"aioseo_notices":[],"_links":{"self":[{"href":"https:\/\/imagen-radycam.com\/index.php\/wp-json\/wp\/v2\/pages\/52"}],"collection":[{"href":"https:\/\/imagen-radycam.com\/index.php\/wp-json\/wp\/v2\/pages"}],"about":[{"href":"https:\/\/imagen-radycam.com\/index.php\/wp-json\/wp\/v2\/types\/page"}],"author":[{"embeddable":true,"href":"https:\/\/imagen-radycam.com\/index.php\/wp-json\/wp\/v2\/users\/2"}],"replies":[{"embeddable":true,"href":"https:\/\/imagen-radycam.com\/index.php\/wp-json\/wp\/v2\/comments?post=52"}],"version-history":[{"count":8,"href":"https:\/\/imagen-radycam.com\/index.php\/wp-json\/wp\/v2\/pages\/52\/revisions"}],"predecessor-version":[{"id":339,"href":"https:\/\/imagen-radycam.com\/index.php\/wp-json\/wp\/v2\/pages\/52\/revisions\/339"}],"wp:attachment":[{"href":"https:\/\/imagen-radycam.com\/index.php\/wp-json\/wp\/v2\/media?parent=52"}],"curies":[{"name":"wp","href":"https:\/\/api.w.org\/{rel}","templated":true}]}}