{"id":41,"date":"2024-08-27T01:46:50","date_gmt":"2024-08-27T01:46:50","guid":{"rendered":"https:\/\/imagen-radycam.com\/?page_id=41"},"modified":"2025-02-10T20:01:08","modified_gmt":"2025-02-10T20:01:08","slug":"contacto","status":"publish","type":"page","link":"https:\/\/imagen-radycam.com\/index.php\/contacto\/","title":{"rendered":"contacto"},"content":{"rendered":"<p>[et_pb_section fb_built=&#8221;1&#8243; custom_padding_last_edited=&#8221;on|phone&#8221; _builder_version=&#8221;4.25.0&#8243; _module_preset=&#8221;default&#8221; custom_padding=&#8221;100px||150px||false|false&#8221; custom_padding_tablet=&#8221;100px||150px||false|false&#8221; custom_padding_phone=&#8221;50px||50px||false|false&#8221; global_colors_info=&#8221;{}&#8221;][et_pb_row column_structure=&#8221;1_2,1_2&#8243; _builder_version=&#8221;4.25.0&#8243; _module_preset=&#8221;default&#8221; global_colors_info=&#8221;{}&#8221;][et_pb_column type=&#8221;1_2&#8243; _builder_version=&#8221;4.25.0&#8243; _module_preset=&#8221;default&#8221; global_colors_info=&#8221;{}&#8221;][et_pb_text _builder_version=&#8221;4.25.0&#8243; _module_preset=&#8221;default&#8221; header_font=&#8221;&#8211;et_global_heading_font|900|||||||&#8221; header_text_color=&#8221;gcid-5829440e-263c-4292-abf5-19e3384816a4&#8243; header_font_size=&#8221;50px&#8221; hover_enabled=&#8221;0&#8243; global_colors_info=&#8221;{%22gcid-5829440e-263c-4292-abf5-19e3384816a4%22:%91%22header_text_color%22%93}&#8221; sticky_enabled=&#8221;0&#8243;]<\/p>\n<h1>CONTACTO<\/h1>\n<p>[\/et_pb_text][et_pb_text _builder_version=&#8221;4.25.0&#8243; _module_preset=&#8221;default&#8221; text_text_color=&#8221;gcid-6b44fc8e-f740-4ffe-a501-50cfe076ace3&#8243; text_font_size=&#8221;24px&#8221; max_width=&#8221;350px&#8221; custom_margin=&#8221;||||false|false&#8221; custom_padding=&#8221;||40px||false|false&#8221; border_width_bottom=&#8221;2px&#8221; border_color_bottom=&#8221;gcid-5829440e-263c-4292-abf5-19e3384816a4&#8243; global_colors_info=&#8221;{%22gcid-6b44fc8e-f740-4ffe-a501-50cfe076ace3%22:%91%22text_text_color%22%93,%22gcid-5829440e-263c-4292-abf5-19e3384816a4%22:%91%22border_color_bottom%22%93}&#8221;]<\/p>\n<p>Tel\u00e9fono: <span>993 177 9438<\/span><\/p>\n<p>[\/et_pb_text][et_pb_text _builder_version=&#8221;4.25.0&#8243; _module_preset=&#8221;default&#8221; text_font=&#8221;|800|||||||&#8221; text_text_color=&#8221;gcid-5829440e-263c-4292-abf5-19e3384816a4&#8243; text_font_size=&#8221;20px&#8221; text_line_height=&#8221;1.8em&#8221; custom_margin=&#8221;||0px||false|false&#8221; custom_padding=&#8221;||0px||false|false&#8221; global_colors_info=&#8221;{%22gcid-5829440e-263c-4292-abf5-19e3384816a4%22:%91%22text_text_color%22%93}&#8221;]<\/p>\n<p><span>Av. Usumacinta, Plaza Interm\u00e9dica Palmira<\/span><span><\/span><\/p>\n<p>[\/et_pb_text][et_pb_text _builder_version=&#8221;4.25.0&#8243; _module_preset=&#8221;default&#8221; global_colors_info=&#8221;{}&#8221;]<\/p>\n<p><span>Blvd. Bicentenario, Villahermosa, Tab.<\/span><\/p>\n<p>[\/et_pb_text][et_pb_text _builder_version=&#8221;4.25.0&#8243; _module_preset=&#8221;default&#8221; text_font=&#8221;|800|||||||&#8221; text_text_color=&#8221;gcid-5829440e-263c-4292-abf5-19e3384816a4&#8243; text_font_size=&#8221;20px&#8221; text_line_height=&#8221;1.8em&#8221; custom_margin=&#8221;0px||12px||false|false&#8221; custom_padding=&#8221;||0px||false|false&#8221; global_colors_info=&#8221;{%22gcid-5829440e-263c-4292-abf5-19e3384816a4%22:%91%22text_text_color%22%93}&#8221;]<\/p>\n<p><span>Horario de servicio:<\/span><\/p>\n<p>[\/et_pb_text][et_pb_text _builder_version=&#8221;4.25.0&#8243; _module_preset=&#8221;default&#8221; text_line_height=&#8221;0.2em&#8221; global_colors_info=&#8221;{}&#8221;]<\/p>\n<p><span>Lunes a viernes de: <\/span><span>7:00 am &#8211; 19:00 pm<\/span><\/p>\n<p>S\u00e1bados de: 8:00 am &#8211; 14:00 pm<\/p>\n<p>[\/et_pb_text][et_pb_button button_url=&#8221;https:\/\/wa.me\/529931779438&#8243; url_new_window=&#8221;on&#8221; button_text=&#8221;Agenda aqu\u00ed&#8221; _builder_version=&#8221;4.25.0&#8243; _module_preset=&#8221;default&#8221; custom_button=&#8221;on&#8221; button_text_color=&#8221;#FFFFFF&#8221; button_bg_color=&#8221;gcid-693665fa-62cb-4ba3-af16-8ef284259436&#8243; button_border_radius=&#8221;30px&#8221; button_icon=&#8221;&#xf232;||fa||400&#8243; button_icon_placement=&#8221;left&#8221; global_colors_info=&#8221;{%22gcid-693665fa-62cb-4ba3-af16-8ef284259436%22:%91%22button_bg_color%22%93}&#8221;][\/et_pb_button][\/et_pb_column][et_pb_column type=&#8221;1_2&#8243; _builder_version=&#8221;4.25.0&#8243; _module_preset=&#8221;default&#8221; global_colors_info=&#8221;{}&#8221;][et_pb_code _builder_version=&#8221;4.25.0&#8243; _module_preset=&#8221;default&#8221; global_colors_info=&#8221;{}&#8221;]<iframe src=\"https:\/\/www.google.com\/maps\/embed?pb=!1m14!1m8!1m3!1d55668.70357527624!2d-92.97834476218954!3d18.01605968777159!3m2!1i1024!2i768!4f13.1!3m3!1m2!1s0x85edd731ecd267b1%3A0xcaea8adc84b9a9c7!2sPlaza%20Interm%C3%A9dica%20Palmira!5e0!3m2!1ses-419!2smx!4v1724723178259!5m2!1ses-419!2smx\" width=\"100%\" height=\"450\" style=\"border:0;\" allowfullscreen=\"\" loading=\"lazy\" referrerpolicy=\"no-referrer-when-downgrade\"><\/iframe>[\/et_pb_code][\/et_pb_column][\/et_pb_row][\/et_pb_section]<\/p>\n","protected":false},"excerpt":{"rendered":"<p>CONTACTOTel\u00e9fono: 993 177 9438Av. Usumacinta, Plaza Interm\u00e9dica PalmiraBlvd. Bicentenario, Villahermosa, Tab.Horario de servicio:Lunes a viernes de: 7:00 am &#8211; 19:00 pm S\u00e1bados de: 8:00 am &#8211; 14:00 pm<\/p>\n","protected":false},"author":2,"featured_media":0,"parent":0,"menu_order":0,"comment_status":"closed","ping_status":"closed","template":"","meta":{"_et_pb_use_builder":"on","_et_pb_old_content":"","_et_gb_content_width":"","_monsterinsights_skip_tracking":false,"_monsterinsights_sitenote_active":false,"_monsterinsights_sitenote_note":"","_monsterinsights_sitenote_category":0,"footnotes":""},"aioseo_notices":[],"_links":{"self":[{"href":"https:\/\/imagen-radycam.com\/index.php\/wp-json\/wp\/v2\/pages\/41"}],"collection":[{"href":"https:\/\/imagen-radycam.com\/index.php\/wp-json\/wp\/v2\/pages"}],"about":[{"href":"https:\/\/imagen-radycam.com\/index.php\/wp-json\/wp\/v2\/types\/page"}],"author":[{"embeddable":true,"href":"https:\/\/imagen-radycam.com\/index.php\/wp-json\/wp\/v2\/users\/2"}],"replies":[{"embeddable":true,"href":"https:\/\/imagen-radycam.com\/index.php\/wp-json\/wp\/v2\/comments?post=41"}],"version-history":[{"count":7,"href":"https:\/\/imagen-radycam.com\/index.php\/wp-json\/wp\/v2\/pages\/41\/revisions"}],"predecessor-version":[{"id":340,"href":"https:\/\/imagen-radycam.com\/index.php\/wp-json\/wp\/v2\/pages\/41\/revisions\/340"}],"wp:attachment":[{"href":"https:\/\/imagen-radycam.com\/index.php\/wp-json\/wp\/v2\/media?parent=41"}],"curies":[{"name":"wp","href":"https:\/\/api.w.org\/{rel}","templated":true}]}}