{"id":303,"date":"2024-09-14T00:28:27","date_gmt":"2024-09-14T00:28:27","guid":{"rendered":"https:\/\/imagen-radycam.com\/?page_id=303"},"modified":"2024-09-14T00:39:42","modified_gmt":"2024-09-14T00:39:42","slug":"marcaje-de-mama","status":"publish","type":"page","link":"https:\/\/imagen-radycam.com\/index.php\/marcaje-de-mama\/","title":{"rendered":"Marcaje de Mama"},"content":{"rendered":"<p>[et_pb_section fb_built=&#8221;1&#8243; custom_padding_last_edited=&#8221;on|phone&#8221; _builder_version=&#8221;4.25.0&#8243; _module_preset=&#8221;default&#8221; background_image=&#8221;https:\/\/imagen-radycam.com\/wp-content\/uploads\/2024\/09\/marcaje-de-mama-villahermosa.jpg&#8221; custom_padding_tablet=&#8221;||0px||false|false&#8221; custom_padding_phone=&#8221;||0px||false|false&#8221; hover_enabled=&#8221;0&#8243; background_color_tablet=&#8221;gcid-2e46550d-8b93-4be0-b497-33836b7e9f57&#8243; background_last_edited=&#8221;on|tablet&#8221; background_enable_color_tablet=&#8221;on&#8221; background_enable_image_tablet=&#8221;off&#8221; global_colors_info=&#8221;{%22gcid-2e46550d-8b93-4be0-b497-33836b7e9f57%22:%91%22background_color%22%93}&#8221; title_text=&#8221;marcaje-de-mama-villahermosa&#8221; sticky_enabled=&#8221;0&#8243;][et_pb_row column_structure=&#8221;1_2,1_2&#8243; custom_padding_last_edited=&#8221;on|tablet&#8221; _builder_version=&#8221;4.25.0&#8243; _module_preset=&#8221;default&#8221; custom_padding_tablet=&#8221;||0px||false|false&#8221; custom_padding_phone=&#8221;||0px||false|false&#8221; global_colors_info=&#8221;{}&#8221;][et_pb_column type=&#8221;1_2&#8243; _builder_version=&#8221;4.25.0&#8243; _module_preset=&#8221;default&#8221; global_colors_info=&#8221;{}&#8221;][et_pb_text _builder_version=&#8221;4.25.0&#8243; _module_preset=&#8221;default&#8221; header_font=&#8221;&#8211;et_global_heading_font|700|||||||&#8221; header_text_color=&#8221;#FFFFFF&#8221; header_font_size=&#8221;80px&#8221; hover_enabled=&#8221;0&#8243; header_font_tablet=&#8221;Bebas Neue|700|||||||&#8221; header_font_phone=&#8221;Bebas Neue|700|||||||&#8221; header_font_last_edited=&#8221;on|phone&#8221; header_font_size_tablet=&#8221;80px&#8221; header_font_size_phone=&#8221;64px&#8221; header_font_size_last_edited=&#8221;on|phone&#8221; global_colors_info=&#8221;{}&#8221; sticky_enabled=&#8221;0&#8243;]<\/p>\n<h1>Marcaje de mama<\/h1>\n<p>[\/et_pb_text][et_pb_text _builder_version=&#8221;4.25.0&#8243; _module_preset=&#8221;default&#8221; text_font=&#8221;Rubik||||||||&#8221; text_text_color=&#8221;#FFFFFF&#8221; text_font_size=&#8221;20px&#8221; text_line_height=&#8221;1.8em&#8221; hover_enabled=&#8221;0&#8243; global_colors_info=&#8221;{}&#8221; sticky_enabled=&#8221;0&#8243;]<\/p>\n<p><span>\u00a0Ideal para identificar la ubicaci\u00f3n de lesiones mamarias no palpables antes de una cirug\u00eda.<\/span><\/p>\n<p>[\/et_pb_text][et_pb_button button_url=&#8221;https:\/\/wa.me\/529931779438&#8243; url_new_window=&#8221;on&#8221; button_text=&#8221;Agenda aqu\u00ed&#8221; _builder_version=&#8221;4.25.0&#8243; _module_preset=&#8221;default&#8221; custom_button=&#8221;on&#8221; button_text_color=&#8221;#FFFFFF&#8221; button_bg_color=&#8221;gcid-693665fa-62cb-4ba3-af16-8ef284259436&#8243; button_border_radius=&#8221;30px&#8221; button_icon=&#8221;&#xf232;||fa||400&#8243; button_icon_placement=&#8221;left&#8221; global_colors_info=&#8221;{%22gcid-693665fa-62cb-4ba3-af16-8ef284259436%22:%91%22button_bg_color%22%93}&#8221;][\/et_pb_button][\/et_pb_column][et_pb_column type=&#8221;1_2&#8243; _builder_version=&#8221;4.25.0&#8243; _module_preset=&#8221;default&#8221; global_colors_info=&#8221;{}&#8221;][\/et_pb_column][\/et_pb_row][\/et_pb_section][et_pb_section fb_built=&#8221;1&#8243; custom_padding_last_edited=&#8221;on|tablet&#8221; _builder_version=&#8221;4.25.0&#8243; _module_preset=&#8221;default&#8221; custom_margin_tablet=&#8221;||||false|false&#8221; custom_margin_phone=&#8221;||||false|false&#8221; custom_margin_last_edited=&#8221;on|tablet&#8221; custom_padding=&#8221;||0px||false|false&#8221; custom_padding_tablet=&#8221;0px||||false|false&#8221; custom_padding_phone=&#8221;0px||||false|false&#8221; global_colors_info=&#8221;{}&#8221;][et_pb_row column_structure=&#8221;2_5,3_5&#8243; _builder_version=&#8221;4.25.0&#8243; _module_preset=&#8221;default&#8221; custom_padding=&#8221;0px||0px||false|false&#8221; global_colors_info=&#8221;{}&#8221;][et_pb_column type=&#8221;2_5&#8243; _builder_version=&#8221;4.25.0&#8243; _module_preset=&#8221;default&#8221; custom_padding=&#8221;100px||||false|false&#8221; custom_padding_tablet=&#8221;100px||||false|false&#8221; custom_padding_phone=&#8221;20px||||false|false&#8221; custom_padding_last_edited=&#8221;on|phone&#8221; global_colors_info=&#8221;{}&#8221;][et_pb_text _builder_version=&#8221;4.25.0&#8243; _module_preset=&#8221;default&#8221; header_text_color=&#8221;gcid-5829440e-263c-4292-abf5-19e3384816a4&#8243; header_font_size=&#8221;70px&#8221; header_2_text_color=&#8221;gcid-6b44fc8e-f740-4ffe-a501-50cfe076ace3&#8243; header_2_font_size=&#8221;60px&#8221; hover_enabled=&#8221;0&#8243; global_colors_info=&#8221;{%22gcid-5829440e-263c-4292-abf5-19e3384816a4%22:%91%22header_text_color%22%93,%22gcid-6b44fc8e-f740-4ffe-a501-50cfe076ace3%22:%91%22header_2_text_color%22%93}&#8221; sticky_enabled=&#8221;0&#8243;]<\/p>\n<h2>\u00bfQu\u00e9 es el marcaje de mama?<\/h2>\n<p>[\/et_pb_text][et_pb_text _builder_version=&#8221;4.25.0&#8243; _module_preset=&#8221;default&#8221; hover_enabled=&#8221;0&#8243; global_colors_info=&#8221;{}&#8221; sticky_enabled=&#8221;0&#8243;]<\/p>\n<p><span>El marcaje de mama es un procedimiento que ayuda a identificar la ubicaci\u00f3n de lesiones mamarias no palpables antes de una cirug\u00eda.\u00a0<\/span><span>El objetivo es evitar la extracci\u00f3n de tejido mamario sano de forma innecesaria.<\/span><\/p>\n<p><span><\/span><\/p>\n<p><span>El marcaje de mama es un procedimiento cl\u00ednico que no requiere anestesia general ni hospitalizaci\u00f3n.<\/span><\/p>\n<p>[\/et_pb_text][et_pb_button button_url=&#8221;https:\/\/wa.me\/529931779438&#8243; url_new_window=&#8221;on&#8221; button_text=&#8221;Agenda aqu\u00ed&#8221; _builder_version=&#8221;4.25.0&#8243; _module_preset=&#8221;default&#8221; custom_button=&#8221;on&#8221; button_text_color=&#8221;#FFFFFF&#8221; button_bg_color=&#8221;gcid-693665fa-62cb-4ba3-af16-8ef284259436&#8243; button_border_radius=&#8221;30px&#8221; button_icon=&#8221;&#xf232;||fa||400&#8243; button_icon_placement=&#8221;left&#8221; global_colors_info=&#8221;{%22gcid-693665fa-62cb-4ba3-af16-8ef284259436%22:%91%22button_bg_color%22%93}&#8221;][\/et_pb_button][\/et_pb_column][et_pb_column type=&#8221;3_5&#8243; _builder_version=&#8221;4.25.0&#8243; _module_preset=&#8221;default&#8221; global_colors_info=&#8221;{}&#8221;][et_pb_image src=&#8221;https:\/\/imagen-radycam.com\/wp-content\/uploads\/2024\/09\/marcaje-de-mama-radycam.jpg&#8221; title_text=&#8221;marcaje-de-mama-radycam&#8221; _builder_version=&#8221;4.25.0&#8243; _module_preset=&#8221;default&#8221; hover_enabled=&#8221;0&#8243; global_colors_info=&#8221;{}&#8221; sticky_enabled=&#8221;0&#8243;][\/et_pb_image][\/et_pb_column][\/et_pb_row][\/et_pb_section][et_pb_section fb_built=&#8221;1&#8243; _builder_version=&#8221;4.25.0&#8243; _module_preset=&#8221;default&#8221; custom_padding=&#8221;0px||||false|false&#8221; global_colors_info=&#8221;{}&#8221;][et_pb_row _builder_version=&#8221;4.25.0&#8243; _module_preset=&#8221;default&#8221; global_colors_info=&#8221;{}&#8221;][et_pb_column type=&#8221;4_4&#8243; _builder_version=&#8221;4.25.0&#8243; _module_preset=&#8221;default&#8221; global_colors_info=&#8221;{}&#8221;][et_pb_text _builder_version=&#8221;4.25.0&#8243; _module_preset=&#8221;default&#8221; header_2_text_align=&#8221;center&#8221; header_2_text_color=&#8221;gcid-5829440e-263c-4292-abf5-19e3384816a4&#8243; header_2_font_size=&#8221;40px&#8221; global_colors_info=&#8221;{%22gcid-5829440e-263c-4292-abf5-19e3384816a4%22:%91%22header_2_text_color%22%93}&#8221;]<\/p>\n<h2>\u00bfC\u00f3mo funciona?<\/h2>\n<p>[\/et_pb_text][\/et_pb_column][\/et_pb_row][et_pb_row column_structure=&#8221;1_2,1_2&#8243; _builder_version=&#8221;4.25.0&#8243; _module_preset=&#8221;default&#8221; background_size=&#8221;stretch&#8221; hover_enabled=&#8221;0&#8243; background_last_edited=&#8221;on|tablet&#8221; background_enable_image_tablet=&#8221;off&#8221; global_colors_info=&#8221;{}&#8221; background_enable_image=&#8221;off&#8221; sticky_enabled=&#8221;0&#8243;][et_pb_column type=&#8221;1_2&#8243; _builder_version=&#8221;4.25.0&#8243; _module_preset=&#8221;default&#8221; global_colors_info=&#8221;{}&#8221;][et_pb_blurb image=&#8221;https:\/\/imagen-radycam.com\/wp-content\/uploads\/2024\/09\/3Recurso-3@233x.png&#8221; image_icon_width=&#8221;120px&#8221; _builder_version=&#8221;4.25.0&#8243; _module_preset=&#8221;default&#8221; header_text_align=&#8221;center&#8221; header_text_color=&#8221;gcid-5829440e-263c-4292-abf5-19e3384816a4&#8243; header_font_size=&#8221;30px&#8221; body_text_align=&#8221;center&#8221; image_icon_custom_margin=&#8221;||-14px||false|false&#8221; custom_margin=&#8221;-20px||||false|false&#8221; hover_enabled=&#8221;0&#8243; global_colors_info=&#8221;{%22gcid-5829440e-263c-4292-abf5-19e3384816a4%22:%91%22header_text_color%22%93}&#8221; title=&#8221;Ultraclip&#8221; sticky_enabled=&#8221;0&#8243; title_text=&#8221;3Recurso 3@233x&#8221;]<\/p>\n<p><span>Dise\u00f1ado para colocarlo en el tejido mamario en el punto quir\u00fargico durante una biopsia mamaria quir\u00fargica abierta o durante una biopsia mamaria percut\u00e1nea para marcar radiogr\u00e1ficamente el lugar del procedimiento de biopsia.<\/span><\/p>\n<p>[\/et_pb_blurb][\/et_pb_column][et_pb_column type=&#8221;1_2&#8243; _builder_version=&#8221;4.25.0&#8243; _module_preset=&#8221;default&#8221; global_colors_info=&#8221;{}&#8221;][et_pb_blurb image=&#8221;https:\/\/imagen-radycam.com\/wp-content\/uploads\/2024\/09\/3Recurso-2@233x.png&#8221; image_icon_width=&#8221;120px&#8221; _builder_version=&#8221;4.25.0&#8243; _module_preset=&#8221;default&#8221; header_text_align=&#8221;center&#8221; header_text_color=&#8221;gcid-5829440e-263c-4292-abf5-19e3384816a4&#8243; header_font_size=&#8221;30px&#8221; body_text_align=&#8221;center&#8221; image_icon_custom_margin=&#8221;||-14px||false|false&#8221; hover_enabled=&#8221;0&#8243; global_colors_info=&#8221;{%22gcid-5829440e-263c-4292-abf5-19e3384816a4%22:%91%22header_text_color%22%93}&#8221; title=&#8221;Arp\u00f3n&#8221; sticky_enabled=&#8221;0&#8243; title_text=&#8221;3Recurso 2@233x&#8221;]<\/p>\n<p>Consiste en una aguja hueca milimetrada con gu\u00eda en su interior y anzuelo en su extremo distal. Es la forma m\u00e1s cl\u00e1sica de se\u00f1alizaci\u00f3n prequir\u00fargica.<\/p>\n<p>[\/et_pb_blurb][\/et_pb_column][\/et_pb_row][et_pb_row _builder_version=&#8221;4.25.0&#8243; _module_preset=&#8221;default&#8221; global_colors_info=&#8221;{}&#8221;][et_pb_column type=&#8221;4_4&#8243; _builder_version=&#8221;4.25.0&#8243; _module_preset=&#8221;default&#8221; global_colors_info=&#8221;{}&#8221;][et_pb_button button_url=&#8221;https:\/\/wa.me\/529931779438&#8243; url_new_window=&#8221;on&#8221; button_text=&#8221;Agenda aqu\u00ed&#8221; button_alignment=&#8221;center&#8221; _builder_version=&#8221;4.25.0&#8243; _module_preset=&#8221;default&#8221; custom_button=&#8221;on&#8221; button_text_color=&#8221;#FFFFFF&#8221; button_bg_color=&#8221;gcid-693665fa-62cb-4ba3-af16-8ef284259436&#8243; button_border_radius=&#8221;30px&#8221; button_icon=&#8221;&#xf232;||fa||400&#8243; button_icon_placement=&#8221;left&#8221; global_colors_info=&#8221;{%22gcid-693665fa-62cb-4ba3-af16-8ef284259436%22:%91%22button_bg_color%22%93}&#8221;][\/et_pb_button][\/et_pb_column][\/et_pb_row][\/et_pb_section][et_pb_section fb_built=&#8221;1&#8243; _builder_version=&#8221;4.25.0&#8243; _module_preset=&#8221;default&#8221; background_color=&#8221;gcid-2e46550d-8b93-4be0-b497-33836b7e9f57&#8243; background_enable_image=&#8221;off&#8221; background_size=&#8221;stretch&#8221; global_colors_info=&#8221;{%22gcid-2e46550d-8b93-4be0-b497-33836b7e9f57%22:%91%22background_color%22%93}&#8221;][et_pb_row _builder_version=&#8221;4.25.0&#8243; _module_preset=&#8221;default&#8221; global_colors_info=&#8221;{}&#8221;][et_pb_column type=&#8221;4_4&#8243; _builder_version=&#8221;4.25.0&#8243; _module_preset=&#8221;default&#8221; global_colors_info=&#8221;{}&#8221;][et_pb_text _builder_version=&#8221;4.25.0&#8243; _module_preset=&#8221;default&#8221; header_2_text_color=&#8221;#FFFFFF&#8221; header_2_font_size=&#8221;60px&#8221; hover_enabled=&#8221;0&#8243; header_2_font_size_tablet=&#8221;60px&#8221; header_2_font_size_phone=&#8221;54px&#8221; header_2_font_size_last_edited=&#8221;on|phone&#8221; global_colors_info=&#8221;{}&#8221; sticky_enabled=&#8221;0&#8243;]<\/p>\n<h2 style=\"text-align: center;\">Recomendaciones previas al marcaje de mama<\/h2>\n<p>[\/et_pb_text][\/et_pb_column][\/et_pb_row][et_pb_row column_structure=&#8221;1_4,1_4,1_4,1_4&#8243; _builder_version=&#8221;4.25.0&#8243; _module_preset=&#8221;default&#8221; hover_enabled=&#8221;0&#8243; global_colors_info=&#8221;{}&#8221; sticky_enabled=&#8221;0&#8243;][et_pb_column type=&#8221;1_4&#8243; _builder_version=&#8221;4.25.0&#8243; _module_preset=&#8221;default&#8221; global_colors_info=&#8221;{}&#8221;][et_pb_blurb image_icon_background_color=&#8221;RGBA(255,255,255,0)&#8221; image=&#8221;https:\/\/imagen-radycam.com\/wp-content\/uploads\/2024\/09\/3Recurso-7@233x.png&#8221; image_icon_width=&#8221;120px&#8221; _builder_version=&#8221;4.25.0&#8243; _module_preset=&#8221;default&#8221; header_level=&#8221;h2&#8243; header_text_align=&#8221;center&#8221; header_text_color=&#8221;gcid-6b44fc8e-f740-4ffe-a501-50cfe076ace3&#8243; header_font_size=&#8221;40px&#8221; body_font=&#8221;||||||||&#8221; body_text_color=&#8221;#FFFFFF&#8221; image_icon_custom_margin=&#8221;||-10px||false|false&#8221; image_icon_custom_padding=&#8221;0px|0px|0px|0px|true|true&#8221; text_orientation=&#8221;center&#8221; hover_enabled=&#8221;0&#8243; global_colors_info=&#8221;{%22gcid-6b44fc8e-f740-4ffe-a501-50cfe076ace3%22:%91%22header_text_color%22%93}&#8221; title_text=&#8221;3Recurso 7@233x&#8221; sticky_enabled=&#8221;0&#8243;]<\/p>\n<p>Es muy importante que la paciente aporte mamograf\u00edas previas.<\/p>\n<p>[\/et_pb_blurb][\/et_pb_column][et_pb_column type=&#8221;1_4&#8243; _builder_version=&#8221;4.25.0&#8243; _module_preset=&#8221;default&#8221; global_colors_info=&#8221;{}&#8221;][et_pb_blurb image_icon_background_color=&#8221;RGBA(255,255,255,0)&#8221; image=&#8221;https:\/\/imagen-radycam.com\/wp-content\/uploads\/2024\/09\/3Recurso-5@233x.png&#8221; image_icon_width=&#8221;120px&#8221; _builder_version=&#8221;4.25.0&#8243; _module_preset=&#8221;default&#8221; header_level=&#8221;h2&#8243; header_text_align=&#8221;center&#8221; header_text_color=&#8221;gcid-6b44fc8e-f740-4ffe-a501-50cfe076ace3&#8243; header_font_size=&#8221;40px&#8221; body_font=&#8221;||||||||&#8221; body_text_color=&#8221;#FFFFFF&#8221; image_icon_custom_margin=&#8221;||-10px||false|false&#8221; image_icon_custom_padding=&#8221;0px|0px|0px|0px|true|true&#8221; text_orientation=&#8221;center&#8221; hover_enabled=&#8221;0&#8243; global_colors_info=&#8221;{%22gcid-6b44fc8e-f740-4ffe-a501-50cfe076ace3%22:%91%22header_text_color%22%93}&#8221; title_text=&#8221;3Recurso 5@233x&#8221; sticky_enabled=&#8221;0&#8243;]<\/p>\n<p>Tiene que tener una petici\u00f3n m\u00e9dica.<\/p>\n<p>[\/et_pb_blurb][\/et_pb_column][et_pb_column type=&#8221;1_4&#8243; _builder_version=&#8221;4.25.0&#8243; _module_preset=&#8221;default&#8221; global_colors_info=&#8221;{}&#8221;][et_pb_blurb image_icon_background_color=&#8221;RGBA(255,255,255,0)&#8221; image=&#8221;https:\/\/imagen-radycam.com\/wp-content\/uploads\/2024\/08\/3Recurso-30@233x.png&#8221; image_icon_width=&#8221;120px&#8221; _builder_version=&#8221;4.25.0&#8243; _module_preset=&#8221;default&#8221; header_level=&#8221;h2&#8243; header_text_align=&#8221;center&#8221; header_text_color=&#8221;gcid-6b44fc8e-f740-4ffe-a501-50cfe076ace3&#8243; header_font_size=&#8221;40px&#8221; body_font=&#8221;||||||||&#8221; body_text_color=&#8221;#FFFFFF&#8221; image_icon_custom_margin=&#8221;||-10px||false|false&#8221; image_icon_custom_padding=&#8221;0px|0px|0px|0px|true|true&#8221; text_orientation=&#8221;center&#8221; hover_enabled=&#8221;0&#8243; global_colors_info=&#8221;{%22gcid-6b44fc8e-f740-4ffe-a501-50cfe076ace3%22:%91%22header_text_color%22%93}&#8221; title_text=&#8221;3Recurso 30@233x&#8221; sticky_enabled=&#8221;0&#8243;]<\/p>\n<p>Si usted cree que puede estar embarazada, lo tendr\u00e1 que comunicar al t\u00e9cnico antes de comenzar la exploraci\u00f3n.<\/p>\n<p>[\/et_pb_blurb][\/et_pb_column][et_pb_column type=&#8221;1_4&#8243; _builder_version=&#8221;4.25.0&#8243; _module_preset=&#8221;default&#8221; global_colors_info=&#8221;{}&#8221;][et_pb_blurb image_icon_background_color=&#8221;RGBA(255,255,255,0)&#8221; image=&#8221;https:\/\/imagen-radycam.com\/wp-content\/uploads\/2024\/08\/3Recurso-10@2x.png&#8221; image_icon_width=&#8221;120px&#8221; _builder_version=&#8221;4.25.0&#8243; _module_preset=&#8221;default&#8221; header_level=&#8221;h2&#8243; header_text_align=&#8221;center&#8221; header_text_color=&#8221;gcid-6b44fc8e-f740-4ffe-a501-50cfe076ace3&#8243; header_font_size=&#8221;40px&#8221; body_font=&#8221;||||||||&#8221; body_text_color=&#8221;#FFFFFF&#8221; image_icon_custom_margin=&#8221;||-10px||false|false&#8221; image_icon_custom_padding=&#8221;0px|0px|0px|0px|true|true&#8221; text_orientation=&#8221;center&#8221; hover_enabled=&#8221;0&#8243; global_colors_info=&#8221;{%22gcid-6b44fc8e-f740-4ffe-a501-50cfe076ace3%22:%91%22header_text_color%22%93}&#8221; sticky_enabled=&#8221;0&#8243;]<\/p>\n<div class=\"preparations_wrapper\">\n<div class=\"preparations_content\">\n<p>Si toma alg\u00fan medicamento, lo tendr\u00e1 que comunicar al t\u00e9cnico antes de comenzar la prueba.<\/p>\n<\/div>\n<\/div>\n<div class=\"explanations_wrapper\"><\/div>\n<p>[\/et_pb_blurb][\/et_pb_column][\/et_pb_row][\/et_pb_section][et_pb_section fb_built=&#8221;1&#8243; _builder_version=&#8221;4.25.0&#8243; _module_preset=&#8221;default&#8221; background_color=&#8221;gcid-dfe7b30c-564c-4c82-98ca-87a1881cdbe4&#8243; global_colors_info=&#8221;{%22gcid-dfe7b30c-564c-4c82-98ca-87a1881cdbe4%22:%91%22background_color%22%93}&#8221;][et_pb_row _builder_version=&#8221;4.25.0&#8243; _module_preset=&#8221;default&#8221; global_colors_info=&#8221;{}&#8221;][et_pb_column type=&#8221;4_4&#8243; _builder_version=&#8221;4.25.0&#8243; _module_preset=&#8221;default&#8221; global_colors_info=&#8221;{}&#8221;][et_pb_text _builder_version=&#8221;4.25.0&#8243; _module_preset=&#8221;default&#8221; header_2_text_color=&#8221;gcid-6b44fc8e-f740-4ffe-a501-50cfe076ace3&#8243; header_2_font_size=&#8221;60px&#8221; global_colors_info=&#8221;{%22gcid-6b44fc8e-f740-4ffe-a501-50cfe076ace3%22:%91%22header_2_text_color%22%93}&#8221;]<\/p>\n<h2 style=\"text-align: center;\">Preguntas frecuentes<\/h2>\n<p>[\/et_pb_text][\/et_pb_column][\/et_pb_row][et_pb_row column_structure=&#8221;1_2,1_2&#8243; _builder_version=&#8221;4.25.0&#8243; _module_preset=&#8221;default&#8221; global_colors_info=&#8221;{}&#8221;][et_pb_column type=&#8221;1_2&#8243; _builder_version=&#8221;4.25.0&#8243; _module_preset=&#8221;default&#8221; global_colors_info=&#8221;{}&#8221;][et_pb_blurb title=&#8221;\u00bfPor qu\u00e9 necesito el marcaje de mama?&#8221; _builder_version=&#8221;4.25.0&#8243; _module_preset=&#8221;default&#8221; header_text_align=&#8221;left&#8221; header_text_color=&#8221;gcid-5829440e-263c-4292-abf5-19e3384816a4&#8243; header_font_size=&#8221;24px&#8221; hover_enabled=&#8221;0&#8243; global_colors_info=&#8221;{%22gcid-5829440e-263c-4292-abf5-19e3384816a4%22:%91%22header_text_color%22%93}&#8221; sticky_enabled=&#8221;0&#8243;]<\/p>\n<p><span>Por lo general, se coloca un peque\u00f1o marcador de tejido\u00a0 en el \u00e1rea donde se realiza la biopsia.\u00a0<\/span>Este marcador aparecer\u00e1 en las mamograf\u00edas u otras pruebas de diagn\u00f3stico por im\u00e1genes para poder localizar el \u00e1rea exacta para un tratamiento posterior (si es necesario) o un seguimiento<\/p>\n<p>[\/et_pb_blurb][et_pb_blurb title=&#8221;\u00bfQu\u00e9 me recomiendan para la prueba?&#8221; _builder_version=&#8221;4.25.0&#8243; _module_preset=&#8221;default&#8221; header_text_align=&#8221;left&#8221; header_text_color=&#8221;gcid-5829440e-263c-4292-abf5-19e3384816a4&#8243; header_font_size=&#8221;24px&#8221; hover_enabled=&#8221;0&#8243; global_colors_info=&#8221;{%22gcid-5829440e-263c-4292-abf5-19e3384816a4%22:%91%22header_text_color%22%93}&#8221; sticky_enabled=&#8221;0&#8243;]<\/p>\n<p><span>Es recomendable que la paciente venga acompa\u00f1ada, ya que muchas personas les impresionan las agujas y eso puede provocar en algunos casos peque\u00f1as molestias (nervios, ansiedad, mareo\u2026).<\/span><\/p>\n<p>[\/et_pb_blurb][\/et_pb_column][et_pb_column type=&#8221;1_2&#8243; _builder_version=&#8221;4.25.0&#8243; _module_preset=&#8221;default&#8221; global_colors_info=&#8221;{}&#8221;][et_pb_blurb title=&#8221;\u00bfQui\u00e9n debe realizar la prueba?&#8221; _builder_version=&#8221;4.25.0&#8243; _module_preset=&#8221;default&#8221; header_text_align=&#8221;left&#8221; header_text_color=&#8221;gcid-5829440e-263c-4292-abf5-19e3384816a4&#8243; header_font_size=&#8221;24px&#8221; hover_enabled=&#8221;0&#8243; global_colors_info=&#8221;{%22gcid-5829440e-263c-4292-abf5-19e3384816a4%22:%91%22header_text_color%22%93}&#8221; sticky_enabled=&#8221;0&#8243;]<\/p>\n<p>Este procedimiento lo realiza el m\u00e9dico radi\u00f3logo, asistido por un t\u00e9cnico especialista en radiodiagn\u00f3stico.<\/p>\n<p>[\/et_pb_blurb][et_pb_blurb title=&#8221;\u00bfEs doloroso?&#8221; _builder_version=&#8221;4.25.0&#8243; _module_preset=&#8221;default&#8221; header_text_align=&#8221;left&#8221; header_text_color=&#8221;gcid-5829440e-263c-4292-abf5-19e3384816a4&#8243; header_font_size=&#8221;24px&#8221; global_colors_info=&#8221;{%22gcid-5829440e-263c-4292-abf5-19e3384816a4%22:%91%22header_text_color%22%93}&#8221;]<\/p>\n<div class=\"WaaZC Zh8Myb\">\n<div class=\"RJPOee EIJn2\">\n<div class=\"rPeykc uP58nb PZPZlf\" data-attrid=\"SGEParagraphFeedback\" data-hveid=\"CAIQAQ\" data-ved=\"2ahUKEwjchKPIlsGIAxXZG9AFHaTBNMwQo_EKegQIAhAB\">No, el marcaje de mama no es doloroso.\u00a0<\/div>\n<\/div>\n<\/div>\n<div class=\"WaaZC Zh8Myb\">\n<div class=\"RJPOee EIJn2\">\n<ul jscontroller=\"M2ABbc\" jsaction=\"jZtoLb:SaHfyb\" data-hveid=\"CAQQAQ\" data-ved=\"2ahUKEwjchKPIlsGIAxXZG9AFHaTBNMwQm_YKegQIBBAB\"><\/ul>\n<\/div>\n<\/div>\n<p><span>.<\/span><\/p>\n<p>[\/et_pb_blurb][\/et_pb_column][\/et_pb_row][\/et_pb_section]<\/p>\n","protected":false},"excerpt":{"rendered":"<p>Marcaje de mama\u00a0Ideal para identificar la ubicaci\u00f3n de lesiones mamarias no palpables antes de una cirug\u00eda.\u00bfQu\u00e9 es el marcaje de mama?El marcaje de mama es un procedimiento que ayuda a identificar la ubicaci\u00f3n de lesiones mamarias no palpables antes de una cirug\u00eda.\u00a0El objetivo es evitar la extracci\u00f3n de tejido mamario sano de forma innecesaria. El [&hellip;]<\/p>\n","protected":false},"author":2,"featured_media":0,"parent":0,"menu_order":0,"comment_status":"closed","ping_status":"closed","template":"","meta":{"_et_pb_use_builder":"on","_et_pb_old_content":"","_et_gb_content_width":"","_monsterinsights_skip_tracking":false,"_monsterinsights_sitenote_active":false,"_monsterinsights_sitenote_note":"","_monsterinsights_sitenote_category":0,"footnotes":""},"aioseo_notices":[],"_links":{"self":[{"href":"https:\/\/imagen-radycam.com\/index.php\/wp-json\/wp\/v2\/pages\/303"}],"collection":[{"href":"https:\/\/imagen-radycam.com\/index.php\/wp-json\/wp\/v2\/pages"}],"about":[{"href":"https:\/\/imagen-radycam.com\/index.php\/wp-json\/wp\/v2\/types\/page"}],"author":[{"embeddable":true,"href":"https:\/\/imagen-radycam.com\/index.php\/wp-json\/wp\/v2\/users\/2"}],"replies":[{"embeddable":true,"href":"https:\/\/imagen-radycam.com\/index.php\/wp-json\/wp\/v2\/comments?post=303"}],"version-history":[{"count":4,"href":"https:\/\/imagen-radycam.com\/index.php\/wp-json\/wp\/v2\/pages\/303\/revisions"}],"predecessor-version":[{"id":317,"href":"https:\/\/imagen-radycam.com\/index.php\/wp-json\/wp\/v2\/pages\/303\/revisions\/317"}],"wp:attachment":[{"href":"https:\/\/imagen-radycam.com\/index.php\/wp-json\/wp\/v2\/media?parent=303"}],"curies":[{"name":"wp","href":"https:\/\/api.w.org\/{rel}","templated":true}]}}