{"id":258,"date":"2024-09-10T17:19:39","date_gmt":"2024-09-10T17:19:39","guid":{"rendered":"https:\/\/imagen-radycam.com\/?page_id=258"},"modified":"2024-09-23T19:01:29","modified_gmt":"2024-09-23T19:01:29","slug":"dra-paloma-hernandez-paz","status":"publish","type":"page","link":"https:\/\/imagen-radycam.com\/index.php\/dra-paloma-hernandez-paz\/","title":{"rendered":"Dra. Paloma hern\u00e1ndez paz"},"content":{"rendered":"<p>[et_pb_section fb_built=&#8221;1&#8243; custom_padding_last_edited=&#8221;on|desktop&#8221; _builder_version=&#8221;4.25.0&#8243; _module_preset=&#8221;default&#8221; use_background_color_gradient=&#8221;on&#8221; background_color_gradient_direction=&#8221;90deg&#8221; background_color_gradient_stops=&#8221;#ffffff 50%|gcid-2e46550d-8b93-4be0-b497-33836b7e9f57 50%&#8221; custom_padding=&#8221;0px||0px||false|false&#8221; custom_padding_tablet=&#8221;0px||0px||false|false&#8221; custom_padding_phone=&#8221;0px||0px||false|false&#8221; hover_enabled=&#8221;0&#8243; background_last_edited=&#8221;on|phone&#8221; use_background_color_gradient_tablet=&#8221;off&#8221; use_background_color_gradient_phone=&#8221;off&#8221; global_colors_info=&#8221;{%22gcid-2e46550d-8b93-4be0-b497-33836b7e9f57%22:%91%22background_color_gradient_stops%22%93}&#8221; sticky_enabled=&#8221;0&#8243; title_text=&#8221;Dra. Paloma Hern\u00e1ndez Paz&#8221; background_image=&#8221;https:\/\/imagen-radycam.com\/wp-content\/uploads\/2024\/09\/fondo-doctora.jpg&#8221; background_enable_image_phone=&#8221;off&#8221; background_enable_image_tablet=&#8221;off&#8221;][et_pb_row column_structure=&#8221;1_2,1_2&#8243; _builder_version=&#8221;4.25.0&#8243; _module_preset=&#8221;default&#8221; custom_padding=&#8221;0px||0px||true|false&#8221; hover_enabled=&#8221;0&#8243; global_colors_info=&#8221;{}&#8221; sticky_enabled=&#8221;0&#8243;][et_pb_column type=&#8221;1_2&#8243; _builder_version=&#8221;4.25.0&#8243; _module_preset=&#8221;default&#8221; global_colors_info=&#8221;{}&#8221;][et_pb_image src=&#8221;https:\/\/imagen-radycam.com\/wp-content\/uploads\/2024\/09\/dra-paloma-hernandez-paz-1.jpg&#8221; _builder_version=&#8221;4.25.0&#8243; _module_preset=&#8221;default&#8221; title_text=&#8221;dra-paloma-hernandez-paz&#8221; hover_enabled=&#8221;0&#8243; sticky_enabled=&#8221;0&#8243; custom_padding=&#8221;||0px||false|false&#8221; custom_margin=&#8221;||0px||false|false&#8221; disabled_on=&#8221;off|off|on&#8221;][\/et_pb_image][et_pb_text _builder_version=&#8221;4.25.0&#8243; _module_preset=&#8221;default&#8221; header_text_color=&#8221;gcid-6b44fc8e-f740-4ffe-a501-50cfe076ace3&#8243; custom_margin=&#8221;100px||50px||false|false&#8221; hover_enabled=&#8221;0&#8243; global_colors_info=&#8221;{%22gcid-6b44fc8e-f740-4ffe-a501-50cfe076ace3%22:%91%22header_text_color%22%93}&#8221; custom_margin_last_edited=&#8221;on|phone&#8221; custom_margin_phone=&#8221;20px||50px||false|false&#8221; sticky_enabled=&#8221;0&#8243; custom_margin_tablet=&#8221;50px||||false|false&#8221;]<\/p>\n<h1>Dra. Paloma Hern\u00e1ndez Paz<\/h1>\n<p>[\/et_pb_text][et_pb_blurb image=&#8221;https:\/\/imagen-radycam.com\/wp-content\/uploads\/2024\/09\/UNAM-LOGO.png&#8221; icon_placement=&#8221;left&#8221; image_icon_width=&#8221;120px&#8221; _builder_version=&#8221;4.25.0&#8243; _module_preset=&#8221;default&#8221; image_icon_custom_margin=&#8221;-20px||||false|false&#8221; custom_margin=&#8221;||100px||false|false&#8221; global_colors_info=&#8221;{}&#8221;]<\/p>\n<p><span>Especialista en imagenolog\u00eda diagn\u00f3stica y terap\u00e9utica. Alta especialidad en imagen de la mama, realizada en el hospital general de M\u00e9xico \u201c Eduardo Liceaga\u201d avalado por la U N A M .<\/span><\/p>\n<p>[\/et_pb_blurb][et_pb_blurb image=&#8221;https:\/\/imagen-radycam.com\/wp-content\/uploads\/2024\/09\/logo-colegio-mexicano-de-radiologia-e-imagen.png&#8221; icon_placement=&#8221;left&#8221; image_icon_width=&#8221;120px&#8221; _builder_version=&#8221;4.25.0&#8243; _module_preset=&#8221;default&#8221; image_icon_custom_margin=&#8221;-39px||||false|false&#8221; custom_margin=&#8221;||||false|false&#8221; global_colors_info=&#8221;{}&#8221;]<\/p>\n<p><span>Especialista certificada por el consejo mexicano de radiolog\u00eda e imagen.<\/span><\/p>\n<p>[\/et_pb_blurb][et_pb_blurb image=&#8221;https:\/\/imagen-radycam.com\/wp-content\/uploads\/2024\/09\/UAG.jpg&#8221; icon_placement=&#8221;left&#8221; image_icon_width=&#8221;120px&#8221; _builder_version=&#8221;4.25.0&#8243; _module_preset=&#8221;default&#8221; image_icon_custom_margin=&#8221;-39px||||false|false&#8221; custom_margin=&#8221;80px||||false|false&#8221; hover_enabled=&#8221;0&#8243; global_colors_info=&#8221;{}&#8221; sticky_enabled=&#8221;0&#8243; title_text=&#8221;UAG&#8221;]<\/p>\n<p>M\u00e9dico Cirujano por la Universidad Aut\u00f3noma de Guadalajara<\/p>\n<p>[\/et_pb_blurb][et_pb_blurb image=&#8221;https:\/\/imagen-radycam.com\/wp-content\/uploads\/2024\/09\/eusobi.png&#8221; icon_placement=&#8221;left&#8221; image_icon_width=&#8221;120px&#8221; _builder_version=&#8221;4.25.0&#8243; _module_preset=&#8221;default&#8221; image_icon_custom_margin=&#8221;-39px||||false|false&#8221; custom_margin=&#8221;80px||||false|false&#8221; hover_enabled=&#8221;0&#8243; global_colors_info=&#8221;{}&#8221; sticky_enabled=&#8221;0&#8243; title_text=&#8221;eusobi&#8221;]<\/p>\n<p>Miembro de la European Society of Breast Imaging<\/p>\n<p>[\/et_pb_blurb][\/et_pb_column][et_pb_column type=&#8221;1_2&#8243; _builder_version=&#8221;4.25.0&#8243; _module_preset=&#8221;default&#8221; hover_enabled=&#8221;0&#8243; global_colors_info=&#8221;{}&#8221; title_text=&#8221;dra-paloma-hernandez-paz&#8221; sticky_enabled=&#8221;0&#8243; background_position=&#8221;top_right&#8221; background_enable_image=&#8221;off&#8221;][\/et_pb_column][\/et_pb_row][\/et_pb_section]<\/p>\n","protected":false},"excerpt":{"rendered":"<p>Dra. Paloma Hern\u00e1ndez PazEspecialista en imagenolog\u00eda diagn\u00f3stica y terap\u00e9utica. Alta especialidad en imagen de la mama, realizada en el hospital general de M\u00e9xico \u201c Eduardo Liceaga\u201d avalado por la U N A M .Especialista certificada por el consejo mexicano de radiolog\u00eda e imagen.M\u00e9dico Cirujano por la Universidad Aut\u00f3noma de GuadalajaraMiembro de la European Society of [&hellip;]<\/p>\n","protected":false},"author":2,"featured_media":0,"parent":0,"menu_order":0,"comment_status":"closed","ping_status":"closed","template":"","meta":{"_et_pb_use_builder":"on","_et_pb_old_content":"","_et_gb_content_width":"","_monsterinsights_skip_tracking":false,"_monsterinsights_sitenote_active":false,"_monsterinsights_sitenote_note":"","_monsterinsights_sitenote_category":0,"footnotes":""},"aioseo_notices":[],"_links":{"self":[{"href":"https:\/\/imagen-radycam.com\/index.php\/wp-json\/wp\/v2\/pages\/258"}],"collection":[{"href":"https:\/\/imagen-radycam.com\/index.php\/wp-json\/wp\/v2\/pages"}],"about":[{"href":"https:\/\/imagen-radycam.com\/index.php\/wp-json\/wp\/v2\/types\/page"}],"author":[{"embeddable":true,"href":"https:\/\/imagen-radycam.com\/index.php\/wp-json\/wp\/v2\/users\/2"}],"replies":[{"embeddable":true,"href":"https:\/\/imagen-radycam.com\/index.php\/wp-json\/wp\/v2\/comments?post=258"}],"version-history":[{"count":6,"href":"https:\/\/imagen-radycam.com\/index.php\/wp-json\/wp\/v2\/pages\/258\/revisions"}],"predecessor-version":[{"id":330,"href":"https:\/\/imagen-radycam.com\/index.php\/wp-json\/wp\/v2\/pages\/258\/revisions\/330"}],"wp:attachment":[{"href":"https:\/\/imagen-radycam.com\/index.php\/wp-json\/wp\/v2\/media?parent=258"}],"curies":[{"name":"wp","href":"https:\/\/api.w.org\/{rel}","templated":true}]}}