{"id":13,"date":"2024-08-27T01:20:59","date_gmt":"2024-08-27T01:20:59","guid":{"rendered":"https:\/\/imagen-radycam.com\/?page_id=13"},"modified":"2025-02-10T19:22:56","modified_gmt":"2025-02-10T19:22:56","slug":"nosotros","status":"publish","type":"page","link":"https:\/\/imagen-radycam.com\/","title":{"rendered":"NOSOTROS"},"content":{"rendered":"<p>[et_pb_section fb_built=&#8221;1&#8243; custom_padding_last_edited=&#8221;on|phone&#8221; _builder_version=&#8221;4.25.0&#8243; _module_preset=&#8221;default&#8221; background_image=&#8221;https:\/\/imagen-radycam.com\/wp-content\/uploads\/2024\/09\/portada-radycam.jpg&#8221; custom_padding_tablet=&#8221;&#8221; custom_padding_phone=&#8221;||0px||false|false&#8221; background_color_tablet=&#8221;gcid-2e46550d-8b93-4be0-b497-33836b7e9f57&#8243; background_last_edited=&#8221;on|tablet&#8221; background_enable_color_tablet=&#8221;on&#8221; background_enable_image_tablet=&#8221;off&#8221; global_colors_info=&#8221;{%22gcid-2e46550d-8b93-4be0-b497-33836b7e9f57%22:%91%22background_color%22%93}&#8221;][et_pb_row column_structure=&#8221;1_2,1_2&#8243; _builder_version=&#8221;4.25.0&#8243; _module_preset=&#8221;default&#8221; global_colors_info=&#8221;{}&#8221;][et_pb_column type=&#8221;1_2&#8243; _builder_version=&#8221;4.25.0&#8243; _module_preset=&#8221;default&#8221; global_colors_info=&#8221;{}&#8221;][et_pb_text _builder_version=&#8221;4.25.0&#8243; _module_preset=&#8221;default&#8221; header_font=&#8221;&#8211;et_global_heading_font|700|||||||&#8221; header_text_color=&#8221;gcid-5829440e-263c-4292-abf5-19e3384816a4&#8243; header_font_size=&#8221;41px&#8221; hover_enabled=&#8221;0&#8243; global_colors_info=&#8221;{%22gcid-5829440e-263c-4292-abf5-19e3384816a4%22:%91%22header_text_color%22%93}&#8221; header_line_height=&#8221;1.2em&#8221; sticky_enabled=&#8221;0&#8243;]<\/p>\n<h1>Tecnolog\u00eda y profesionalismo a tu servicio<\/h1>\n<p>[\/et_pb_text][et_pb_text _builder_version=&#8221;4.25.0&#8243; _module_preset=&#8221;default&#8221; text_font=&#8221;Rubik||||||||&#8221; text_text_color=&#8221;gcid-5829440e-263c-4292-abf5-19e3384816a4&#8243; text_font_size=&#8221;17px&#8221; text_line_height=&#8221;1.8em&#8221; global_colors_info=&#8221;{%22gcid-5829440e-263c-4292-abf5-19e3384816a4%22:%91%22text_text_color%22%93}&#8221;]<\/p>\n<p><span>Contamos con M\u00e9dicos Radi\u00f3logos Especializados y Certificados, ya que nuestra prioridad es la salud de nuestros pacientes, ofreciendo un servicio de excelencia con resultados r\u00e1pidos y certeros.<\/span><\/p>\n<p>[\/et_pb_text][et_pb_button button_url=&#8221;https:\/\/wa.me\/529931779438&#8243; url_new_window=&#8221;on&#8221; button_text=&#8221;Agenda aqu\u00ed&#8221; _builder_version=&#8221;4.25.0&#8243; _module_preset=&#8221;default&#8221; custom_button=&#8221;on&#8221; button_text_color=&#8221;#FFFFFF&#8221; button_bg_color=&#8221;gcid-693665fa-62cb-4ba3-af16-8ef284259436&#8243; button_border_radius=&#8221;30px&#8221; button_icon=&#8221;&#xf232;||fa||400&#8243; button_icon_placement=&#8221;left&#8221; global_colors_info=&#8221;{%22gcid-693665fa-62cb-4ba3-af16-8ef284259436%22:%91%22button_bg_color%22%93}&#8221;][\/et_pb_button][\/et_pb_column][et_pb_column type=&#8221;1_2&#8243; _builder_version=&#8221;4.25.0&#8243; _module_preset=&#8221;default&#8221; global_colors_info=&#8221;{}&#8221;][\/et_pb_column][\/et_pb_row][\/et_pb_section][et_pb_section fb_built=&#8221;1&#8243; custom_padding_last_edited=&#8221;on|tablet&#8221; _builder_version=&#8221;4.25.0&#8243; _module_preset=&#8221;default&#8221; custom_margin_tablet=&#8221;||||false|false&#8221; custom_margin_phone=&#8221;||||false|false&#8221; custom_margin_last_edited=&#8221;on|tablet&#8221; custom_padding_tablet=&#8221;0px||||false|false&#8221; custom_padding_phone=&#8221;0px||||false|false&#8221; global_colors_info=&#8221;{}&#8221;][et_pb_row column_structure=&#8221;2_5,3_5&#8243; _builder_version=&#8221;4.25.0&#8243; _module_preset=&#8221;default&#8221; global_colors_info=&#8221;{}&#8221;][et_pb_column type=&#8221;2_5&#8243; _builder_version=&#8221;4.25.0&#8243; _module_preset=&#8221;default&#8221; custom_padding=&#8221;100px||||false|false&#8221; custom_padding_tablet=&#8221;100px||||false|false&#8221; custom_padding_phone=&#8221;20px||||false|false&#8221; custom_padding_last_edited=&#8221;on|phone&#8221; global_colors_info=&#8221;{}&#8221;][et_pb_text _builder_version=&#8221;4.25.0&#8243; _module_preset=&#8221;default&#8221; header_text_color=&#8221;gcid-5829440e-263c-4292-abf5-19e3384816a4&#8243; header_font_size=&#8221;70px&#8221; global_colors_info=&#8221;{%22gcid-5829440e-263c-4292-abf5-19e3384816a4%22:%91%22header_text_color%22%93}&#8221;]<\/p>\n<h1>\u00bfQui\u00e9nes somos?<\/h1>\n<p>[\/et_pb_text][et_pb_text _builder_version=&#8221;4.25.0&#8243; _module_preset=&#8221;default&#8221; global_colors_info=&#8221;{}&#8221;]<\/p>\n<p><span>Somos una empresa tabasque\u00f1a especializada en Imagenolog\u00eda. Estamos comprometidos con brindar servicios de excelencia a nuestros pacientes al emplear tecnolog\u00eda de punta para otorgar la m\u00e1s alta precisi\u00f3n. <\/span><\/p>\n<p><span>Nuestra atenci\u00f3n est\u00e1 dirigida al paciente, garantizamos atenci\u00f3n personalizada y resultados r\u00e1pidos.<\/span><\/p>\n<p>Contribuimos al diagn\u00f3stico m\u00e9dico, asegurando confianza y bienestar.<\/p>\n<p>[\/et_pb_text][et_pb_text _builder_version=&#8221;4.25.0&#8243; _module_preset=&#8221;default&#8221; text_font=&#8221;|700|||||||&#8221; text_text_color=&#8221;gcid-6b44fc8e-f740-4ffe-a501-50cfe076ace3&#8243; global_colors_info=&#8221;{%22gcid-6b44fc8e-f740-4ffe-a501-50cfe076ace3%22:%91%22text_text_color%22%93}&#8221;]<\/p>\n<p><span>Conoce a uno de nuestros especialistas.<\/span><\/p>\n<p>[\/et_pb_text][et_pb_button button_url=&#8221;@ET-DC@eyJkeW5hbWljIjp0cnVlLCJjb250ZW50IjoicG9zdF9saW5rX3VybF9wYWdlIiwic2V0dGluZ3MiOnsicG9zdF9pZCI6IjI1OCJ9fQ==@&#8221; button_text=&#8221;CONOCER&#8221; _builder_version=&#8221;4.25.0&#8243; _dynamic_attributes=&#8221;button_url&#8221; _module_preset=&#8221;default&#8221; custom_button=&#8221;on&#8221; button_text_color=&#8221;#FFFFFF&#8221; button_bg_color=&#8221;gcid-6b44fc8e-f740-4ffe-a501-50cfe076ace3&#8243; button_border_color=&#8221;gcid-6b44fc8e-f740-4ffe-a501-50cfe076ace3&#8243; button_border_radius=&#8221;30px&#8221; global_colors_info=&#8221;{%22gcid-6b44fc8e-f740-4ffe-a501-50cfe076ace3%22:%91%22button_bg_color%22,%22button_border_color%22%93}&#8221;][\/et_pb_button][\/et_pb_column][et_pb_column type=&#8221;3_5&#8243; _builder_version=&#8221;4.25.0&#8243; _module_preset=&#8221;default&#8221; global_colors_info=&#8221;{}&#8221;][et_pb_image src=&#8221;https:\/\/imagen-radycam.com\/wp-content\/uploads\/2024\/08\/dra-paloma-henandez-paz-imagenologia-villahermosa.jpg&#8221; title_text=&#8221;dra-paloma-henandez-paz-imagenologia-villahermosa&#8221; _builder_version=&#8221;4.25.0&#8243; _module_preset=&#8221;default&#8221; global_colors_info=&#8221;{}&#8221;][\/et_pb_image][\/et_pb_column][\/et_pb_row][\/et_pb_section][et_pb_section fb_built=&#8221;1&#8243; _builder_version=&#8221;4.25.0&#8243; _module_preset=&#8221;default&#8221; custom_margin=&#8221;0px||||false|false&#8221; custom_padding=&#8221;0px||||false|false&#8221; global_colors_info=&#8221;{}&#8221;][et_pb_row column_structure=&#8221;1_2,1_2&#8243; _builder_version=&#8221;4.25.0&#8243; _module_preset=&#8221;default&#8221; global_colors_info=&#8221;{}&#8221;][et_pb_column type=&#8221;1_2&#8243; _builder_version=&#8221;4.25.0&#8243; _module_preset=&#8221;default&#8221; border_width_right=&#8221;1px&#8221; border_color_right=&#8221;gcid-5829440e-263c-4292-abf5-19e3384816a4&#8243; border_width_right_tablet=&#8221;1px&#8221; border_width_right_phone=&#8221;0px&#8221; border_width_right_last_edited=&#8221;on|phone&#8221; global_colors_info=&#8221;{%22gcid-5829440e-263c-4292-abf5-19e3384816a4%22:%91%22border_color_right%22%93}&#8221;][et_pb_blurb title=&#8221;Nuestra Misi\u00f3n&#8221; image=&#8221;https:\/\/imagen-radycam.com\/wp-content\/uploads\/2024\/08\/icono-mision.jpg&#8221; image_icon_width=&#8221;120px&#8221; _builder_version=&#8221;4.25.0&#8243; _module_preset=&#8221;default&#8221; header_font=&#8221;||||||||&#8221; header_text_align=&#8221;center&#8221; header_text_color=&#8221;gcid-5829440e-263c-4292-abf5-19e3384816a4&#8243; text_orientation=&#8221;center&#8221; max_width=&#8221;350px&#8221; module_alignment=&#8221;center&#8221; global_colors_info=&#8221;{%22gcid-5829440e-263c-4292-abf5-19e3384816a4%22:%91%22header_text_color%22%93}&#8221;]<\/p>\n<p><span>Brindar atenci\u00f3n de calidad con personal altamente capacitado y tecnolog\u00eda de punta que nos permiten preservar la salud integral de los tabasque\u00f1os, comprometidos con un servicio completo de excelencia y diagn\u00f3stico preciso.<\/span><\/p>\n<p>[\/et_pb_blurb][\/et_pb_column][et_pb_column type=&#8221;1_2&#8243; _builder_version=&#8221;4.25.0&#8243; _module_preset=&#8221;default&#8221; global_colors_info=&#8221;{}&#8221;][et_pb_blurb title=&#8221;Nuestra Visi\u00f3n&#8221; image=&#8221;https:\/\/imagen-radycam.com\/wp-content\/uploads\/2024\/08\/icono-vision.jpg&#8221; image_icon_width=&#8221;120px&#8221; _builder_version=&#8221;4.25.0&#8243; _module_preset=&#8221;default&#8221; header_font=&#8221;||||||||&#8221; header_text_align=&#8221;center&#8221; header_text_color=&#8221;gcid-5829440e-263c-4292-abf5-19e3384816a4&#8243; text_orientation=&#8221;center&#8221; max_width=&#8221;350px&#8221; module_alignment=&#8221;center&#8221; global_colors_info=&#8221;{%22gcid-5829440e-263c-4292-abf5-19e3384816a4%22:%91%22header_text_color%22%93}&#8221;]<\/p>\n<p><span>&#8220;Consolidarse como una empresa l\u00edder, moderna y con un marcado liderazgo orientado hacia nuestros clientes en el servicio de Imagenolog\u00eda y en la detecci\u00f3n de patolog\u00eda mamaria.&#8221;<\/span><\/p>\n<p>[\/et_pb_blurb][\/et_pb_column][\/et_pb_row][\/et_pb_section][et_pb_section fb_built=&#8221;1&#8243; custom_padding_last_edited=&#8221;on|phone&#8221; _builder_version=&#8221;4.25.0&#8243; _module_preset=&#8221;default&#8221; background_image=&#8221;https:\/\/imagen-radycam.com\/wp-content\/uploads\/2024\/08\/fondo-curveado-2-1-scaled.jpg&#8221; background_position=&#8221;top_center&#8221; custom_padding=&#8221;200px||100px||false|false&#8221; custom_padding_tablet=&#8221;50px||50px||false|false&#8221; custom_padding_phone=&#8221;50px||50px||false|false&#8221; background_color_tablet=&#8221;gcid-dfe7b30c-564c-4c82-98ca-87a1881cdbe4&#8243; background_color_phone=&#8221;gcid-dfe7b30c-564c-4c82-98ca-87a1881cdbe4&#8243; background_last_edited=&#8221;on|phone&#8221; background_enable_color_tablet=&#8221;on&#8221; background_enable_color_phone=&#8221;on&#8221; background_enable_image_tablet=&#8221;off&#8221; background_enable_image_phone=&#8221;off&#8221; global_colors_info=&#8221;{%22gcid-dfe7b30c-564c-4c82-98ca-87a1881cdbe4%22:%91%22background_color%22%93}&#8221;][et_pb_row _builder_version=&#8221;4.25.0&#8243; _module_preset=&#8221;default&#8221; global_colors_info=&#8221;{}&#8221;][et_pb_column type=&#8221;4_4&#8243; _builder_version=&#8221;4.25.0&#8243; _module_preset=&#8221;default&#8221; global_colors_info=&#8221;{}&#8221;][et_pb_text _builder_version=&#8221;4.25.0&#8243; _module_preset=&#8221;default&#8221; header_2_text_align=&#8221;center&#8221; header_2_text_color=&#8221;gcid-5829440e-263c-4292-abf5-19e3384816a4&#8243; header_2_font_size=&#8221;40px&#8221; global_colors_info=&#8221;{%22gcid-5829440e-263c-4292-abf5-19e3384816a4%22:%91%22header_2_text_color%22%93}&#8221;]<\/p>\n<h2>Nuestros valores<\/h2>\n<p>[\/et_pb_text][\/et_pb_column][\/et_pb_row][et_pb_row column_structure=&#8221;1_3,1_3,1_3&#8243; _builder_version=&#8221;4.25.0&#8243; _module_preset=&#8221;default&#8221; background_image=&#8221;https:\/\/imagen-radycam.com\/wp-content\/uploads\/2024\/08\/rayitas-sin-fondo.png&#8221; background_size=&#8221;stretch&#8221; background_last_edited=&#8221;on|tablet&#8221; background_enable_image_tablet=&#8221;off&#8221; border_width_bottom=&#8221;0px&#8221; border_color_bottom=&#8221;gcid-5829440e-263c-4292-abf5-19e3384816a4&#8243; border_radii_tablet=&#8221;&#8221; border_radii_phone=&#8221;&#8221; border_radii_last_edited=&#8221;on|tablet&#8221; global_colors_info=&#8221;{%22gcid-5829440e-263c-4292-abf5-19e3384816a4%22:%91%22border_color_bottom%22%93}&#8221;][et_pb_column type=&#8221;1_3&#8243; _builder_version=&#8221;4.25.0&#8243; _module_preset=&#8221;default&#8221; global_colors_info=&#8221;{}&#8221;][et_pb_blurb title=&#8221;Confianza&#8221; use_icon=&#8221;on&#8221; font_icon=&#8221;&#xf2b5;||fa||900&#8243; icon_color=&#8221;#FFFFFF&#8221; image_icon_background_color=&#8221;gcid-6b44fc8e-f740-4ffe-a501-50cfe076ace3&#8243; image_icon_width=&#8221;40px&#8221; _builder_version=&#8221;4.25.0&#8243; _module_preset=&#8221;default&#8221; header_level=&#8221;h2&#8243; header_text_align=&#8221;center&#8221; header_text_color=&#8221;gcid-6b44fc8e-f740-4ffe-a501-50cfe076ace3&#8243; header_font_size=&#8221;40px&#8221; image_icon_custom_margin=&#8221;||||false&#8221; image_icon_custom_padding=&#8221;15px|10px|15px|10px|true|true&#8221; text_orientation=&#8221;center&#8221; border_radii_image=&#8221;on|35px|35px|35px|35px&#8221; global_colors_info=&#8221;{%22gcid-6b44fc8e-f740-4ffe-a501-50cfe076ace3%22:%91%22image_icon_background_color%22,%22header_text_color%22%93}&#8221;]<\/p>\n<p><span>Garantizar la precisi\u00f3n de los resultados de los servicios de imagenolog\u00eda.<\/span><\/p>\n<p>[\/et_pb_blurb][\/et_pb_column][et_pb_column type=&#8221;1_3&#8243; _builder_version=&#8221;4.25.0&#8243; _module_preset=&#8221;default&#8221; global_colors_info=&#8221;{}&#8221;][et_pb_blurb title=&#8221;Profesionalismo&#8221; use_icon=&#8221;on&#8221; font_icon=&#8221;&#xe0f4;||divi||400&#8243; icon_color=&#8221;#FFFFFF&#8221; image_icon_background_color=&#8221;gcid-2e46550d-8b93-4be0-b497-33836b7e9f57&#8243; image_icon_width=&#8221;40px&#8221; _builder_version=&#8221;4.25.0&#8243; _module_preset=&#8221;default&#8221; header_level=&#8221;h2&#8243; header_text_align=&#8221;center&#8221; header_text_color=&#8221;gcid-6b44fc8e-f740-4ffe-a501-50cfe076ace3&#8243; header_font_size=&#8221;40px&#8221; image_icon_custom_margin=&#8221;||||false&#8221; image_icon_custom_padding=&#8221;15px|15px|15px|15px|true|true&#8221; text_orientation=&#8221;center&#8221; border_radii_image=&#8221;on|35px|35px|35px|35px&#8221; global_colors_info=&#8221;{%22gcid-2e46550d-8b93-4be0-b497-33836b7e9f57%22:%91%22image_icon_background_color%22%93,%22gcid-6b44fc8e-f740-4ffe-a501-50cfe076ace3%22:%91%22header_text_color%22%93}&#8221;]<\/p>\n<p><span>Mantener altos est\u00e1ndares \u00e9ticos y profesionales en todas las interacciones con los pacientes.<\/span><\/p>\n<p>[\/et_pb_blurb][\/et_pb_column][et_pb_column type=&#8221;1_3&#8243; _builder_version=&#8221;4.25.0&#8243; _module_preset=&#8221;default&#8221; global_colors_info=&#8221;{}&#8221;][et_pb_blurb title=&#8221;Eficiencia&#8221; use_icon=&#8221;on&#8221; font_icon=&#8221;&#xf560;||fa||900&#8243; icon_color=&#8221;#FFFFFF&#8221; image_icon_background_color=&#8221;gcid-5829440e-263c-4292-abf5-19e3384816a4&#8243; image_icon_width=&#8221;40px&#8221; _builder_version=&#8221;4.25.0&#8243; _module_preset=&#8221;default&#8221; header_level=&#8221;h2&#8243; header_text_align=&#8221;center&#8221; header_text_color=&#8221;gcid-6b44fc8e-f740-4ffe-a501-50cfe076ace3&#8243; header_font_size=&#8221;40px&#8221; image_icon_custom_margin=&#8221;||||false&#8221; image_icon_custom_padding=&#8221;15px|15px|15px|15px|true|true&#8221; text_orientation=&#8221;center&#8221; border_radii_image=&#8221;on|35px|35px|35px|35px&#8221; global_colors_info=&#8221;{%22gcid-6b44fc8e-f740-4ffe-a501-50cfe076ace3%22:%91%22header_text_color%22%93,%22gcid-5829440e-263c-4292-abf5-19e3384816a4%22:%91%22image_icon_background_color%22%93}&#8221;]<\/p>\n<p><span>Optimizar procesos para garantizar tiempos de respuestas r\u00e1pidos y eficientes en la entrega de resultados.<\/span><\/p>\n<p>[\/et_pb_blurb][\/et_pb_column][\/et_pb_row][et_pb_row column_structure=&#8221;1_3,1_3,1_3&#8243; _builder_version=&#8221;4.25.0&#8243; _module_preset=&#8221;default&#8221; background_image=&#8221;https:\/\/imagen-radycam.com\/wp-content\/uploads\/2024\/08\/rayitas-sin-fondo.png&#8221; background_size=&#8221;stretch&#8221; background_last_edited=&#8221;on|tablet&#8221; background_enable_image_tablet=&#8221;off&#8221; border_color_bottom=&#8221;gcid-5829440e-263c-4292-abf5-19e3384816a4&#8243; global_colors_info=&#8221;{%22gcid-5829440e-263c-4292-abf5-19e3384816a4%22:%91%22border_color_bottom%22%93}&#8221;][et_pb_column type=&#8221;1_3&#8243; _builder_version=&#8221;4.25.0&#8243; _module_preset=&#8221;default&#8221; global_colors_info=&#8221;{}&#8221;][et_pb_blurb title=&#8221;Innovaci\u00f3n&#8221; use_icon=&#8221;on&#8221; font_icon=&#8221;&#xe072;||divi||400&#8243; icon_color=&#8221;#FFFFFF&#8221; image_icon_background_color=&#8221;gcid-6b44fc8e-f740-4ffe-a501-50cfe076ace3&#8243; image_icon_width=&#8221;40px&#8221; _builder_version=&#8221;4.25.0&#8243; _module_preset=&#8221;default&#8221; header_level=&#8221;h2&#8243; header_text_align=&#8221;center&#8221; header_text_color=&#8221;gcid-6b44fc8e-f740-4ffe-a501-50cfe076ace3&#8243; header_font_size=&#8221;40px&#8221; image_icon_custom_margin=&#8221;||||false&#8221; image_icon_custom_padding=&#8221;15px|15px|15px|15px|true|true&#8221; text_orientation=&#8221;center&#8221; border_radii_image=&#8221;on|50%|50%|50%|50%&#8221; global_colors_info=&#8221;{%22gcid-6b44fc8e-f740-4ffe-a501-50cfe076ace3%22:%91%22image_icon_background_color%22,%22header_text_color%22%93}&#8221;]<\/p>\n<p><span>Adoptar tecnolog\u00edas de vanguardia en equipos de imagenolog\u00eda.<\/span><\/p>\n<p>[\/et_pb_blurb][\/et_pb_column][et_pb_column type=&#8221;1_3&#8243; _builder_version=&#8221;4.25.0&#8243; _module_preset=&#8221;default&#8221; global_colors_info=&#8221;{}&#8221;][et_pb_blurb title=&#8221;Compromiso&#8221; use_icon=&#8221;on&#8221; font_icon=&#8221;&#xe081;||fa||400&#8243; icon_color=&#8221;#FFFFFF&#8221; image_icon_background_color=&#8221;gcid-2e46550d-8b93-4be0-b497-33836b7e9f57&#8243; image_icon_width=&#8221;40px&#8221; _builder_version=&#8221;4.25.0&#8243; _module_preset=&#8221;default&#8221; header_level=&#8221;h2&#8243; header_text_align=&#8221;center&#8221; header_text_color=&#8221;gcid-6b44fc8e-f740-4ffe-a501-50cfe076ace3&#8243; header_font_size=&#8221;40px&#8221; image_icon_custom_margin=&#8221;||||false&#8221; image_icon_custom_padding=&#8221;15px|15px|15px|15px|true|true&#8221; text_orientation=&#8221;center&#8221; border_radii_image=&#8221;on|35px|35px|35px|35px&#8221; global_colors_info=&#8221;{%22gcid-2e46550d-8b93-4be0-b497-33836b7e9f57%22:%91%22image_icon_background_color%22%93,%22gcid-6b44fc8e-f740-4ffe-a501-50cfe076ace3%22:%91%22header_text_color%22%93}&#8221;]<\/p>\n<p><span>Comprometerse con la excelencia en la atenci\u00f3n al paciente.<\/span><\/p>\n<p>[\/et_pb_blurb][\/et_pb_column][et_pb_column type=&#8221;1_3&#8243; _builder_version=&#8221;4.25.0&#8243; _module_preset=&#8221;default&#8221; global_colors_info=&#8221;{}&#8221;][et_pb_blurb title=&#8221;Empat\u00eda&#8221; use_icon=&#8221;on&#8221; font_icon=&#8221;&#xe089;||divi||400&#8243; icon_color=&#8221;#FFFFFF&#8221; image_icon_background_color=&#8221;gcid-5829440e-263c-4292-abf5-19e3384816a4&#8243; image_icon_width=&#8221;40px&#8221; _builder_version=&#8221;4.25.0&#8243; _module_preset=&#8221;default&#8221; header_level=&#8221;h2&#8243; header_text_align=&#8221;center&#8221; header_text_color=&#8221;gcid-6b44fc8e-f740-4ffe-a501-50cfe076ace3&#8243; header_font_size=&#8221;40px&#8221; image_icon_custom_margin=&#8221;||||false&#8221; image_icon_custom_padding=&#8221;15px|15px|15px|15px|true|true&#8221; text_orientation=&#8221;center&#8221; border_radii_image=&#8221;on|35px|35px|35px|35px&#8221; global_colors_info=&#8221;{%22gcid-6b44fc8e-f740-4ffe-a501-50cfe076ace3%22:%91%22header_text_color%22%93,%22gcid-5829440e-263c-4292-abf5-19e3384816a4%22:%91%22image_icon_background_color%22%93}&#8221;]<\/p>\n<p><span>Demostrar genuina sensibilidad y comprensi\u00f3n hacia las necesidades de los pacientes.<\/span><\/p>\n<p>[\/et_pb_blurb][\/et_pb_column][\/et_pb_row][\/et_pb_section]<\/p>\n","protected":false},"excerpt":{"rendered":"<p>Tecnolog\u00eda y profesionalismo a tu servicioContamos con M\u00e9dicos Radi\u00f3logos Especializados y Certificados, ya que nuestra prioridad es la salud de nuestros pacientes, ofreciendo un servicio de excelencia con resultados r\u00e1pidos y certeros.\u00bfQui\u00e9nes somos?Somos una empresa tabasque\u00f1a especializada en Imagenolog\u00eda. Estamos comprometidos con brindar servicios de excelencia a nuestros pacientes al emplear tecnolog\u00eda de punta para [&hellip;]<\/p>\n","protected":false},"author":2,"featured_media":0,"parent":0,"menu_order":0,"comment_status":"closed","ping_status":"closed","template":"","meta":{"_et_pb_use_builder":"on","_et_pb_old_content":"","_et_gb_content_width":"","_monsterinsights_skip_tracking":false,"_monsterinsights_sitenote_active":false,"_monsterinsights_sitenote_note":"","_monsterinsights_sitenote_category":0,"footnotes":""},"aioseo_notices":[],"_links":{"self":[{"href":"https:\/\/imagen-radycam.com\/index.php\/wp-json\/wp\/v2\/pages\/13"}],"collection":[{"href":"https:\/\/imagen-radycam.com\/index.php\/wp-json\/wp\/v2\/pages"}],"about":[{"href":"https:\/\/imagen-radycam.com\/index.php\/wp-json\/wp\/v2\/types\/page"}],"author":[{"embeddable":true,"href":"https:\/\/imagen-radycam.com\/index.php\/wp-json\/wp\/v2\/users\/2"}],"replies":[{"embeddable":true,"href":"https:\/\/imagen-radycam.com\/index.php\/wp-json\/wp\/v2\/comments?post=13"}],"version-history":[{"count":17,"href":"https:\/\/imagen-radycam.com\/index.php\/wp-json\/wp\/v2\/pages\/13\/revisions"}],"predecessor-version":[{"id":338,"href":"https:\/\/imagen-radycam.com\/index.php\/wp-json\/wp\/v2\/pages\/13\/revisions\/338"}],"wp:attachment":[{"href":"https:\/\/imagen-radycam.com\/index.php\/wp-json\/wp\/v2\/media?parent=13"}],"curies":[{"name":"wp","href":"https:\/\/api.w.org\/{rel}","templated":true}]}}